{"id":102,"date":"2023-10-01T10:16:43","date_gmt":"2023-10-01T08:16:43","guid":{"rendered":"https:\/\/www.sulema.pl\/masaz-worksite\/?page_id=102"},"modified":"2023-10-01T10:17:05","modified_gmt":"2023-10-01T08:17:05","slug":"dziekujemy-za-kontakt","status":"publish","type":"page","link":"https:\/\/www.sulema.pl\/masaz-worksite\/dziekujemy-za-kontakt\/","title":{"rendered":"Dzi\u0119kujemy za kontakt"},"content":{"rendered":"\t\t<div data-elementor-type=\"wp-page\" data-elementor-id=\"102\" class=\"elementor elementor-102\" data-elementor-post-type=\"page\">\n\t\t\t\t\t\t<section class=\"elementor-section elementor-top-section elementor-element elementor-element-125ef383 elementor-section-boxed elementor-section-height-default elementor-section-height-default\" data-id=\"125ef383\" data-element_type=\"section\">\n\t\t\t\t\t\t<div class=\"elementor-container elementor-column-gap-default\">\n\t\t\t\t\t<div class=\"elementor-column elementor-col-100 elementor-top-column elementor-element elementor-element-47170acb\" data-id=\"47170acb\" data-element_type=\"column\">\n\t\t\t<div class=\"elementor-widget-wrap elementor-element-populated\">\n\t\t\t\t\t\t<div class=\"elementor-element elementor-element-254454 elementor-widget elementor-widget-text-editor\" data-id=\"254454\" data-element_type=\"widget\" data-widget_type=\"text-editor.default\">\n\t\t\t\t<div class=\"elementor-widget-container\">\n\t\t\t\t\t\t\t\t\t\n<p>Dzi\u0119kujemy za kontakt z firm\u0105 SULEMA Sp. z o.o.! <\/p>\n\n\n\n<p>Odpowiemy na Pa\u0144stwa wiadomo\u015b\u0107 w przeci\u0105gu najbli\u017cszych 2 dni roboczych lub skontaktujemy si\u0119 z Pa\u0144stwem telefonicznie. <\/p>\n\n\n\n<figure class=\"wp-block-image size-large\"><img fetchpriority=\"high\" decoding=\"async\" width=\"1024\" height=\"190\" src=\"https:\/\/www.sulema.pl\/masaz-worksite\/wp-content\/uploads\/2023\/09\/masaz-worksite-katowice-1024x190.jpg\" alt=\"masa\u017c worksite katowice\" class=\"wp-image-46\" srcset=\"https:\/\/www.sulema.pl\/masaz-worksite\/wp-content\/uploads\/2023\/09\/masaz-worksite-katowice-1024x190.jpg 1024w, https:\/\/www.sulema.pl\/masaz-worksite\/wp-content\/uploads\/2023\/09\/masaz-worksite-katowice-300x56.jpg 300w, https:\/\/www.sulema.pl\/masaz-worksite\/wp-content\/uploads\/2023\/09\/masaz-worksite-katowice-768x142.jpg 768w, https:\/\/www.sulema.pl\/masaz-worksite\/wp-content\/uploads\/2023\/09\/masaz-worksite-katowice-1536x285.jpg 1536w, https:\/\/www.sulema.pl\/masaz-worksite\/wp-content\/uploads\/2023\/09\/masaz-worksite-katowice.jpg 1920w\" sizes=\"(max-width: 1024px) 100vw, 1024px\" \/><\/figure>\n\n\n\n<p class=\"has-small-font-size\">Pozdrawiam,<br>Gabriela Ropka<br>Prezes Zarz\u0105du<\/p>\n\t\t\t\t\t\t\t\t<\/div>\n\t\t\t\t<\/div>\n\t\t\t\t\t<\/div>\n\t\t<\/div>\n\t\t\t\t\t<\/div>\n\t\t<\/section>\n\t\t\t\t<\/div>\n\t\t","protected":false},"excerpt":{"rendered":"<p>Dzi\u0119kujemy za kontakt z firm\u0105 SULEMA Sp. z o.o.! Odpowiemy na Pa\u0144stwa wiadomo\u015b\u0107 w przeci\u0105gu najbli\u017cszych 2 dni roboczych lub skontaktujemy si\u0119 z Pa\u0144stwem telefonicznie. Pozdrawiam,Gabriela RopkaPrezes Zarz\u0105du<\/p>\n","protected":false},"author":1,"featured_media":0,"parent":0,"menu_order":0,"comment_status":"closed","ping_status":"closed","template":"","meta":{"om_disable_all_campaigns":false,"_monsterinsights_skip_tracking":false,"_monsterinsights_sitenote_active":false,"_monsterinsights_sitenote_note":"","_monsterinsights_sitenote_category":0,"footnotes":""},"class_list":["post-102","page","type-page","status-publish","hentry"],"aioseo_notices":[],"_links":{"self":[{"href":"https:\/\/www.sulema.pl\/masaz-worksite\/wp-json\/wp\/v2\/pages\/102","targetHints":{"allow":["GET"]}}],"collection":[{"href":"https:\/\/www.sulema.pl\/masaz-worksite\/wp-json\/wp\/v2\/pages"}],"about":[{"href":"https:\/\/www.sulema.pl\/masaz-worksite\/wp-json\/wp\/v2\/types\/page"}],"author":[{"embeddable":true,"href":"https:\/\/www.sulema.pl\/masaz-worksite\/wp-json\/wp\/v2\/users\/1"}],"replies":[{"embeddable":true,"href":"https:\/\/www.sulema.pl\/masaz-worksite\/wp-json\/wp\/v2\/comments?post=102"}],"version-history":[{"count":7,"href":"https:\/\/www.sulema.pl\/masaz-worksite\/wp-json\/wp\/v2\/pages\/102\/revisions"}],"predecessor-version":[{"id":110,"href":"https:\/\/www.sulema.pl\/masaz-worksite\/wp-json\/wp\/v2\/pages\/102\/revisions\/110"}],"wp:attachment":[{"href":"https:\/\/www.sulema.pl\/masaz-worksite\/wp-json\/wp\/v2\/media?parent=102"}],"curies":[{"name":"wp","href":"https:\/\/api.w.org\/{rel}","templated":true}]}}