{"id":140,"date":"2023-10-01T10:38:09","date_gmt":"2023-10-01T08:38:09","guid":{"rendered":"https:\/\/www.sulema.pl\/masaz-worksite\/?page_id=140"},"modified":"2023-10-10T14:11:16","modified_gmt":"2023-10-10T12:11:16","slug":"kontakt-z-nami-sulema-sp-z-o-o","status":"publish","type":"page","link":"https:\/\/www.sulema.pl\/masaz-worksite\/kontakt-z-nami-sulema-sp-z-o-o\/","title":{"rendered":"Kontakt z nami &#8211; SULEMA Sp. z o.o."},"content":{"rendered":"\t\t<div data-elementor-type=\"wp-page\" data-elementor-id=\"140\" class=\"elementor elementor-140\" data-elementor-post-type=\"page\">\n\t\t\t\t\t\t<section class=\"elementor-section elementor-top-section elementor-element elementor-element-c10b779 elementor-section-full_width elementor-section-height-default elementor-section-height-default\" data-id=\"c10b779\" data-element_type=\"section\" data-settings=\"{&quot;background_background&quot;:&quot;classic&quot;}\">\n\t\t\t\t\t\t<div class=\"elementor-container elementor-column-gap-no\">\n\t\t\t\t\t<div class=\"elementor-column elementor-col-100 elementor-top-column elementor-element elementor-element-0d93aff\" data-id=\"0d93aff\" data-element_type=\"column\">\n\t\t\t<div class=\"elementor-widget-wrap elementor-element-populated\">\n\t\t\t\t\t\t<div class=\"elementor-element elementor-element-dcd3ef4 elementor-widget elementor-widget-heading\" data-id=\"dcd3ef4\" data-element_type=\"widget\" data-widget_type=\"heading.default\">\n\t\t\t\t<div class=\"elementor-widget-container\">\n\t\t\t\t\t<h1 class=\"elementor-heading-title elementor-size-default\">Kontakt z nami - SULEMA Sp. z o.o.<\/h1>\t\t\t\t<\/div>\n\t\t\t\t<\/div>\n\t\t\t\t\t<\/div>\n\t\t<\/div>\n\t\t\t\t\t<\/div>\n\t\t<\/section>\n\t\t\t\t<section class=\"elementor-section elementor-top-section elementor-element elementor-element-c16271c elementor-section-boxed elementor-section-height-default elementor-section-height-default\" data-id=\"c16271c\" data-element_type=\"section\">\n\t\t\t\t\t\t<div class=\"elementor-container elementor-column-gap-default\">\n\t\t\t\t\t<div class=\"elementor-column elementor-col-100 elementor-top-column elementor-element elementor-element-a5580cb\" data-id=\"a5580cb\" data-element_type=\"column\">\n\t\t\t<div class=\"elementor-widget-wrap elementor-element-populated\">\n\t\t\t\t\t\t<section class=\"elementor-section elementor-inner-section elementor-element elementor-element-11992ff elementor-section-boxed elementor-section-height-default elementor-section-height-default\" data-id=\"11992ff\" data-element_type=\"section\">\n\t\t\t\t\t\t<div class=\"elementor-container elementor-column-gap-default\">\n\t\t\t\t\t<div class=\"elementor-column elementor-col-50 elementor-inner-column elementor-element elementor-element-db8fd78\" data-id=\"db8fd78\" data-element_type=\"column\">\n\t\t\t<div class=\"elementor-widget-wrap elementor-element-populated\">\n\t\t\t\t\t\t<div class=\"elementor-element elementor-element-d92c5a5 elementor-widget elementor-widget-text-editor\" data-id=\"d92c5a5\" data-element_type=\"widget\" data-widget_type=\"text-editor.default\">\n\t\t\t\t<div class=\"elementor-widget-container\">\n\t\t\t\t\t\t\t\t\t<h2><span style=\"color: #000000;\">SULEMA Sp. z o.o.<\/span><\/h2><p><span style=\"color: #000000;\"><strong>Adres siedziby firmy:<\/strong><\/span><\/p><p><span style=\"color: #000000;\">ul. 22 Stycznia 1863r. 14<\/span><br \/><span style=\"color: #000000;\">32-540 Trzebinia<\/span><br \/><span style=\"color: #000000;\">woj. ma\u0142opolskie<\/span><\/p><p><span style=\"color: #000000;\"><strong>Kontakt telefoniczny:<\/strong><\/span><\/p><p><span style=\"color: #000000;\">Obs\u0142uga klienta:\u00a0<a style=\"color: #000000;\" href=\"tel:\/\/500742088\">+48 500 742 088<\/a><\/span><br \/><span style=\"color: #000000;\">Obs\u0142uga techniczna\/marketing: +48 500 754 990<\/span><\/p><p><span style=\"color: #000000;\"><strong>Kontakt e-mail:<\/strong><\/span><\/p><p><span style=\"color: #000000;\">Obs\u0142uga klienta: <a style=\"color: #000000;\" href=\"mailto:kontakt@sulema.pl\">kontakt@sulema.pl<\/a><br \/>Marketing\/wsp\u00f3\u0142praca: przemek@sulema.pl<\/span><\/p><p><span style=\"color: #000000;\"><em><strong>SULEMA Sp. z o.o.<\/strong><\/em> b\u0119d\u0105ca p\u0142atnikiem <em><strong>VAT<\/strong><\/em>, wpisana jest do rejestru przedsi\u0119biorc\u00f3w prowadzonego przez S\u0105d Rejonowy dla Krakowa \u2013 \u015ar\u00f3dmie\u015bcia, XII Wydzia\u0142 Gospodarczy Krajowego Rejestru S\u0105dowego pod numerem <em><strong>KRS 0001046418<\/strong><\/em>, <em><strong>NIP: 6282291938<\/strong><\/em> oraz numer <em><strong>REGON: 525808780<\/strong><\/em>, z kapita\u0142em zak\u0142adowym w wysoko\u015bci <em><strong>20000,00 z\u0142otych<\/strong><\/em> wp\u0142aconym w ca\u0142o\u015bci.<\/span><\/p><p><span style=\"color: #000000;\"><strong>Numery rachunku bankowego:<\/strong><\/span><\/p><p><span style=\"color: #000000;\"><strong>mBank rozliczeniowy:<\/strong> 89114020040000320283861597<\/span><br \/><span style=\"color: #000000;\"><strong>mBank VAT (split):<\/strong> 33114020040000310300984900<\/span><\/p>\t\t\t\t\t\t\t\t<\/div>\n\t\t\t\t<\/div>\n\t\t\t\t\t<\/div>\n\t\t<\/div>\n\t\t\t\t<div class=\"elementor-column elementor-col-50 elementor-inner-column elementor-element elementor-element-0d19978\" data-id=\"0d19978\" data-element_type=\"column\">\n\t\t\t<div class=\"elementor-widget-wrap elementor-element-populated\">\n\t\t\t\t\t\t<div class=\"elementor-element elementor-element-59b70da elementor-widget elementor-widget-heading\" data-id=\"59b70da\" data-element_type=\"widget\" data-widget_type=\"heading.default\">\n\t\t\t\t<div class=\"elementor-widget-container\">\n\t\t\t\t\t<h2 class=\"elementor-heading-title elementor-size-default\">Szybki kontakt<\/h2>\t\t\t\t<\/div>\n\t\t\t\t<\/div>\n\t\t\t\t<div class=\"elementor-element elementor-element-a43c637 elementor-button-align-stretch elementor-widget elementor-widget-form\" data-id=\"a43c637\" data-element_type=\"widget\" data-settings=\"{&quot;step_next_label&quot;:&quot;Next&quot;,&quot;step_previous_label&quot;:&quot;Previous&quot;,&quot;button_width&quot;:&quot;100&quot;,&quot;step_type&quot;:&quot;number_text&quot;,&quot;step_icon_shape&quot;:&quot;circle&quot;}\" data-widget_type=\"form.default\">\n\t\t\t\t<div class=\"elementor-widget-container\">\n\t\t\t\t\t\t\t<form class=\"elementor-form\" method=\"post\" name=\"New Form\" aria-label=\"New Form\">\n\t\t\t<input type=\"hidden\" name=\"post_id\" value=\"140\"\/>\n\t\t\t<input type=\"hidden\" name=\"form_id\" value=\"a43c637\"\/>\n\t\t\t<input type=\"hidden\" name=\"referer_title\" value=\"\" \/>\n\n\t\t\t\n\t\t\t<div class=\"elementor-form-fields-wrapper elementor-labels-above\">\n\t\t\t\t\t\t\t\t<div class=\"elementor-field-type-text elementor-field-group elementor-column elementor-field-group-name elementor-col-100 elementor-field-required elementor-mark-required\">\n\t\t\t\t\t\t\t\t\t\t\t\t<label for=\"form-field-name\" class=\"elementor-field-label\">\n\t\t\t\t\t\t\t\tImi\u0119 i nazwisko\t\t\t\t\t\t\t<\/label>\n\t\t\t\t\t\t\t\t\t\t\t\t\t\t<input size=\"1\" type=\"text\" name=\"form_fields[name]\" id=\"form-field-name\" class=\"elementor-field elementor-size-sm  elementor-field-textual\" placeholder=\"Imi\u0119 i nazwisko\" required=\"required\">\n\t\t\t\t\t\t\t\t\t\t\t<\/div>\n\t\t\t\t\t\t\t\t<div class=\"elementor-field-type-email elementor-field-group elementor-column elementor-field-group-email elementor-col-100 elementor-field-required elementor-mark-required\">\n\t\t\t\t\t\t\t\t\t\t\t\t<label for=\"form-field-email\" class=\"elementor-field-label\">\n\t\t\t\t\t\t\t\tAdres e-mail\t\t\t\t\t\t\t<\/label>\n\t\t\t\t\t\t\t\t\t\t\t\t\t\t<input size=\"1\" type=\"email\" name=\"form_fields[email]\" id=\"form-field-email\" class=\"elementor-field elementor-size-sm  elementor-field-textual\" placeholder=\"Adres e-mail\" required=\"required\">\n\t\t\t\t\t\t\t\t\t\t\t<\/div>\n\t\t\t\t\t\t\t\t<div class=\"elementor-field-type-tel elementor-field-group elementor-column elementor-field-group-field_8834738 elementor-col-100\">\n\t\t\t\t\t\t\t\t\t\t\t\t<label for=\"form-field-field_8834738\" class=\"elementor-field-label\">\n\t\t\t\t\t\t\t\tNr. telefonu\t\t\t\t\t\t\t<\/label>\n\t\t\t\t\t\t\t\t<input size=\"1\" type=\"tel\" name=\"form_fields[field_8834738]\" id=\"form-field-field_8834738\" class=\"elementor-field elementor-size-sm  elementor-field-textual\" placeholder=\"Wprowad\u017a nr. telefonu kontaktowego\" pattern=\"[0-9()#&amp;+*-=.]+\" title=\"Only numbers and phone characters (#, -, *, etc) are accepted.\">\n\n\t\t\t\t\t\t<\/div>\n\t\t\t\t\t\t\t\t<div class=\"elementor-field-type-number elementor-field-group elementor-column elementor-field-group-field_6dc96ae elementor-col-100\">\n\t\t\t\t\t\t\t\t\t\t\t\t<label for=\"form-field-field_6dc96ae\" class=\"elementor-field-label\">\n\t\t\t\t\t\t\t\tNumer NIP firmy\t\t\t\t\t\t\t<\/label>\n\t\t\t\t\t\t\t\t\t<input type=\"number\" name=\"form_fields[field_6dc96ae]\" id=\"form-field-field_6dc96ae\" class=\"elementor-field elementor-size-sm  elementor-field-textual\" placeholder=\"Podaj NIP swojej firmy\" min=\"\" max=\"\" >\n\t\t\t\t\t\t<\/div>\n\t\t\t\t\t\t\t\t<div class=\"elementor-field-type-select elementor-field-group elementor-column elementor-field-group-field_2764c4c elementor-col-100 elementor-field-required elementor-mark-required\">\n\t\t\t\t\t\t\t\t\t\t\t\t<label for=\"form-field-field_2764c4c\" class=\"elementor-field-label\">\n\t\t\t\t\t\t\t\tCel zapytania\t\t\t\t\t\t\t<\/label>\n\t\t\t\t\t\t\t\t<div class=\"elementor-field elementor-select-wrapper remove-before \">\n\t\t\t<div class=\"select-caret-down-wrapper\">\n\t\t\t\t<i aria-hidden=\"true\" class=\"eicon-caret-down\"><\/i>\t\t\t<\/div>\n\t\t\t<select name=\"form_fields[field_2764c4c]\" id=\"form-field-field_2764c4c\" class=\"elementor-field-textual elementor-size-sm\" required=\"required\">\n\t\t\t\t\t\t\t\t\t<option value=\"Pro\u015bba o ofert\u0119\">Pro\u015bba o ofert\u0119<\/option>\n\t\t\t\t\t\t\t\t\t<option value=\"Oferta reklamy\/marketingu\">Oferta reklamy\/marketingu<\/option>\n\t\t\t\t\t\t\t\t\t<option value=\"Wsp\u00f3\u0142praca jako podwykonawca\">Wsp\u00f3\u0142praca jako podwykonawca<\/option>\n\t\t\t\t\t\t\t\t\t<option value=\"Problem techniczny\">Problem techniczny<\/option>\n\t\t\t\t\t\t\t\t\t<option value=\"Reklamacje\">Reklamacje<\/option>\n\t\t\t\t\t\t\t<\/select>\n\t\t<\/div>\n\t\t\t\t\t\t<\/div>\n\t\t\t\t\t\t\t\t<div class=\"elementor-field-type-textarea elementor-field-group elementor-column elementor-field-group-message elementor-col-100\">\n\t\t\t\t\t\t\t\t\t\t\t\t<label for=\"form-field-message\" class=\"elementor-field-label\">\n\t\t\t\t\t\t\t\tTre\u015b\u0107 zapytania\t\t\t\t\t\t\t<\/label>\n\t\t\t\t\t\t<textarea class=\"elementor-field-textual elementor-field  elementor-size-sm\" name=\"form_fields[message]\" id=\"form-field-message\" rows=\"4\" placeholder=\"Tre\u015b\u0107 zapytania\"><\/textarea>\t\t\t\t<\/div>\n\t\t\t\t\t\t\t\t<div class=\"elementor-field-type-acceptance elementor-field-group elementor-column elementor-field-group-field_3f20932 elementor-col-100\">\n\t\t\t\t\t\t\t<div class=\"elementor-field-subgroup\">\n\t\t\t<span class=\"elementor-field-option\">\n\t\t\t\t<input type=\"checkbox\" name=\"form_fields[field_3f20932]\" id=\"form-field-field_3f20932\" class=\"elementor-field elementor-size-sm  elementor-acceptance-field\">\n\t\t\t\t<label for=\"form-field-field_3f20932\">Niniejszym potwierdzam przeczytanie i zapoznanie si\u0119 z <a href=\"..\/prywatnosc\/\" target=\"_blank\">polityk\u0105 prywatno\u015bci i GDPR<\/a> obowi\u0105zuj\u0105cymi w firmie SULEMA Sp. z o.o.<\/label>\t\t\t<\/span>\n\t\t<\/div>\n\t\t\t\t\t\t<\/div>\n\t\t\t\t\t\t\t\t<div class=\"elementor-field-group elementor-column elementor-field-type-submit elementor-col-100 e-form__buttons\">\n\t\t\t\t\t<button class=\"elementor-button elementor-size-sm\" type=\"submit\">\n\t\t\t\t\t\t<span class=\"elementor-button-content-wrapper\">\n\t\t\t\t\t\t\t\t\t\t\t\t\t\t\t\t\t\t\t\t\t\t<span class=\"elementor-button-text\">Wy\u015blij wiadomo\u015b\u0107<\/span>\n\t\t\t\t\t\t\t\t\t\t\t\t\t<\/span>\n\t\t\t\t\t<\/button>\n\t\t\t\t<\/div>\n\t\t\t<\/div>\n\t\t<\/form>\n\t\t\t\t\t\t<\/div>\n\t\t\t\t<\/div>\n\t\t\t\t\t<\/div>\n\t\t<\/div>\n\t\t\t\t\t<\/div>\n\t\t<\/section>\n\t\t\t\t\t<\/div>\n\t\t<\/div>\n\t\t\t\t\t<\/div>\n\t\t<\/section>\n\t\t\t\t<\/div>\n\t\t","protected":false},"excerpt":{"rendered":"<p>Kontakt z nami &#8211; SULEMA Sp. z o.o. SULEMA Sp. z o.o. Adres siedziby firmy: ul. 22 Stycznia 1863r. 1432-540 Trzebiniawoj. ma\u0142opolskie Kontakt telefoniczny: Obs\u0142uga klienta:\u00a0+48 500 742 088Obs\u0142uga techniczna\/marketing: +48 500 754 990 Kontakt e-mail: Obs\u0142uga klienta: kontakt@sulema.plMarketing\/wsp\u00f3\u0142praca: przemek@sulema.pl SULEMA Sp. z o.o. b\u0119d\u0105ca p\u0142atnikiem VAT, wpisana jest do rejestru przedsi\u0119biorc\u00f3w prowadzonego przez S\u0105d [&hellip;]<\/p>\n","protected":false},"author":1,"featured_media":0,"parent":0,"menu_order":0,"comment_status":"closed","ping_status":"closed","template":"elementor_header_footer","meta":{"om_disable_all_campaigns":false,"_monsterinsights_skip_tracking":false,"_monsterinsights_sitenote_active":false,"_monsterinsights_sitenote_note":"","_monsterinsights_sitenote_category":0,"footnotes":""},"class_list":["post-140","page","type-page","status-publish","hentry"],"aioseo_notices":[],"_links":{"self":[{"href":"https:\/\/www.sulema.pl\/masaz-worksite\/wp-json\/wp\/v2\/pages\/140","targetHints":{"allow":["GET"]}}],"collection":[{"href":"https:\/\/www.sulema.pl\/masaz-worksite\/wp-json\/wp\/v2\/pages"}],"about":[{"href":"https:\/\/www.sulema.pl\/masaz-worksite\/wp-json\/wp\/v2\/types\/page"}],"author":[{"embeddable":true,"href":"https:\/\/www.sulema.pl\/masaz-worksite\/wp-json\/wp\/v2\/users\/1"}],"replies":[{"embeddable":true,"href":"https:\/\/www.sulema.pl\/masaz-worksite\/wp-json\/wp\/v2\/comments?post=140"}],"version-history":[{"count":28,"href":"https:\/\/www.sulema.pl\/masaz-worksite\/wp-json\/wp\/v2\/pages\/140\/revisions"}],"predecessor-version":[{"id":622,"href":"https:\/\/www.sulema.pl\/masaz-worksite\/wp-json\/wp\/v2\/pages\/140\/revisions\/622"}],"wp:attachment":[{"href":"https:\/\/www.sulema.pl\/masaz-worksite\/wp-json\/wp\/v2\/media?parent=140"}],"curies":[{"name":"wp","href":"https:\/\/api.w.org\/{rel}","templated":true}]}}