{"id":166,"date":"2023-10-01T11:13:11","date_gmt":"2023-10-01T09:13:11","guid":{"rendered":"https:\/\/www.sulema.pl\/masaz-worksite\/?page_id=166"},"modified":"2023-10-02T11:05:14","modified_gmt":"2023-10-02T09:05:14","slug":"certyfikaty","status":"publish","type":"page","link":"https:\/\/www.sulema.pl\/masaz-worksite\/certyfikaty\/","title":{"rendered":"Certyfikaty"},"content":{"rendered":"\t\t<div data-elementor-type=\"wp-page\" data-elementor-id=\"166\" class=\"elementor elementor-166\" data-elementor-post-type=\"page\">\n\t\t\t\t\t\t<section class=\"elementor-section elementor-top-section elementor-element elementor-element-68d0981 elementor-section-full_width elementor-section-height-default elementor-section-height-default\" data-id=\"68d0981\" data-element_type=\"section\" data-settings=\"{&quot;background_background&quot;:&quot;classic&quot;}\">\n\t\t\t\t\t\t<div class=\"elementor-container elementor-column-gap-no\">\n\t\t\t\t\t<div class=\"elementor-column elementor-col-100 elementor-top-column elementor-element elementor-element-3a56038\" data-id=\"3a56038\" data-element_type=\"column\">\n\t\t\t<div class=\"elementor-widget-wrap elementor-element-populated\">\n\t\t\t\t\t\t<div class=\"elementor-element elementor-element-90d0a0c elementor-widget elementor-widget-heading\" data-id=\"90d0a0c\" data-element_type=\"widget\" data-widget_type=\"heading.default\">\n\t\t\t\t<div class=\"elementor-widget-container\">\n\t\t\t\t\t<h1 class=\"elementor-heading-title elementor-size-default\">Certyfikaty i dyplomy<\/h1>\t\t\t\t<\/div>\n\t\t\t\t<\/div>\n\t\t\t\t\t<\/div>\n\t\t<\/div>\n\t\t\t\t\t<\/div>\n\t\t<\/section>\n\t\t\t\t<section class=\"elementor-section elementor-top-section elementor-element elementor-element-cd8835f elementor-section-boxed elementor-section-height-default elementor-section-height-default\" data-id=\"cd8835f\" data-element_type=\"section\">\n\t\t\t\t\t\t<div class=\"elementor-container elementor-column-gap-default\">\n\t\t\t\t\t<div class=\"elementor-column elementor-col-100 elementor-top-column elementor-element elementor-element-6469605\" data-id=\"6469605\" data-element_type=\"column\">\n\t\t\t<div class=\"elementor-widget-wrap elementor-element-populated\">\n\t\t\t\t\t\t<div class=\"elementor-element elementor-element-8d5afd1 elementor-widget elementor-widget-gallery\" data-id=\"8d5afd1\" data-element_type=\"widget\" data-settings=\"{&quot;gallery_layout&quot;:&quot;masonry&quot;,&quot;columns&quot;:2,&quot;image_hover_animation&quot;:&quot;grow&quot;,&quot;lazyload&quot;:&quot;yes&quot;,&quot;columns_tablet&quot;:2,&quot;columns_mobile&quot;:1,&quot;gap&quot;:{&quot;unit&quot;:&quot;px&quot;,&quot;size&quot;:10,&quot;sizes&quot;:[]},&quot;gap_tablet&quot;:{&quot;unit&quot;:&quot;px&quot;,&quot;size&quot;:10,&quot;sizes&quot;:[]},&quot;gap_mobile&quot;:{&quot;unit&quot;:&quot;px&quot;,&quot;size&quot;:10,&quot;sizes&quot;:[]},&quot;link_to&quot;:&quot;file&quot;,&quot;overlay_background&quot;:&quot;yes&quot;,&quot;content_hover_animation&quot;:&quot;fade-in&quot;}\" data-widget_type=\"gallery.default\">\n\t\t\t\t<div class=\"elementor-widget-container\">\n\t\t\t\t\t\t\t<div class=\"elementor-gallery__container\">\n\t\t\t\t\t\t\t<a class=\"e-gallery-item elementor-gallery-item elementor-animated-content\" href=\"https:\/\/www.sulema.pl\/masaz-worksite\/wp-content\/uploads\/2023\/10\/zaw-zako-kursu-m-tajski.jpg\" data-elementor-open-lightbox=\"yes\" data-elementor-lightbox-slideshow=\"8d5afd1\" data-elementor-lightbox-title=\"zaw-zako-kursu-m-tajski\" data-e-action-hash=\"#elementor-action%3Aaction%3Dlightbox%26settings%3DeyJpZCI6MTc4LCJ1cmwiOiJodHRwczpcL1wvd3d3LnN1bGVtYS5wbFwvbWFzYXotd29ya3NpdGVcL3dwLWNvbnRlbnRcL3VwbG9hZHNcLzIwMjNcLzEwXC96YXctemFrby1rdXJzdS1tLXRhanNraS5qcGciLCJzbGlkZXNob3ciOiI4ZDVhZmQxIn0%3D\">\n\t\t\t\t\t<div class=\"e-gallery-image elementor-gallery-item__image\" data-thumbnail=\"https:\/\/www.sulema.pl\/masaz-worksite\/wp-content\/uploads\/2023\/10\/zaw-zako-kursu-m-tajski.jpg\" data-width=\"732\" data-height=\"1024\" aria-label=\"masa\u017c biurowy bytom\" role=\"img\" ><\/div>\n\t\t\t\t\t\t\t\t\t\t\t<div class=\"elementor-gallery-item__overlay\"><\/div>\n\t\t\t\t\t\t\t\t\t\t\t\t\t\t<\/a>\n\t\t\t\t\t\t\t<a class=\"e-gallery-item elementor-gallery-item elementor-animated-content\" href=\"https:\/\/www.sulema.pl\/masaz-worksite\/wp-content\/uploads\/2023\/10\/zaw-zako-kursu-m-odchudzjcy.jpg\" data-elementor-open-lightbox=\"yes\" data-elementor-lightbox-slideshow=\"8d5afd1\" data-elementor-lightbox-title=\"zaw-zako-kursu-m-odchudzjcy\" data-e-action-hash=\"#elementor-action%3Aaction%3Dlightbox%26settings%3DeyJpZCI6MTc3LCJ1cmwiOiJodHRwczpcL1wvd3d3LnN1bGVtYS5wbFwvbWFzYXotd29ya3NpdGVcL3dwLWNvbnRlbnRcL3VwbG9hZHNcLzIwMjNcLzEwXC96YXctemFrby1rdXJzdS1tLW9kY2h1ZHpqY3kuanBnIiwic2xpZGVzaG93IjoiOGQ1YWZkMSJ9\">\n\t\t\t\t\t<div class=\"e-gallery-image elementor-gallery-item__image\" data-thumbnail=\"https:\/\/www.sulema.pl\/masaz-worksite\/wp-content\/uploads\/2023\/10\/zaw-zako-kursu-m-odchudzjcy.jpg\" data-width=\"732\" data-height=\"1024\" aria-label=\"masa\u017c biurowy d\u0105browa g\u00f3rnicza\" role=\"img\" ><\/div>\n\t\t\t\t\t\t\t\t\t\t\t<div class=\"elementor-gallery-item__overlay\"><\/div>\n\t\t\t\t\t\t\t\t\t\t\t\t\t\t<\/a>\n\t\t\t\t\t\t\t<a class=\"e-gallery-item elementor-gallery-item elementor-animated-content\" href=\"https:\/\/www.sulema.pl\/masaz-worksite\/wp-content\/uploads\/2023\/10\/zaw-zako-kursu-m-bak-chisk.jpg\" data-elementor-open-lightbox=\"yes\" data-elementor-lightbox-slideshow=\"8d5afd1\" data-elementor-lightbox-title=\"zaw-zako-kursu-m-bak-chisk\" data-e-action-hash=\"#elementor-action%3Aaction%3Dlightbox%26settings%3DeyJpZCI6MTc2LCJ1cmwiOiJodHRwczpcL1wvd3d3LnN1bGVtYS5wbFwvbWFzYXotd29ya3NpdGVcL3dwLWNvbnRlbnRcL3VwbG9hZHNcLzIwMjNcLzEwXC96YXctemFrby1rdXJzdS1tLWJhay1jaGlzay5qcGciLCJzbGlkZXNob3ciOiI4ZDVhZmQxIn0%3D\">\n\t\t\t\t\t<div class=\"e-gallery-image elementor-gallery-item__image\" data-thumbnail=\"https:\/\/www.sulema.pl\/masaz-worksite\/wp-content\/uploads\/2023\/10\/zaw-zako-kursu-m-bak-chisk.jpg\" data-width=\"732\" data-height=\"1024\" aria-label=\"masa\u017c biurowy miko\u0142\u00f3w\" role=\"img\" ><\/div>\n\t\t\t\t\t\t\t\t\t\t\t<div class=\"elementor-gallery-item__overlay\"><\/div>\n\t\t\t\t\t\t\t\t\t\t\t\t\t\t<\/a>\n\t\t\t\t\t\t\t<a class=\"e-gallery-item elementor-gallery-item elementor-animated-content\" href=\"https:\/\/www.sulema.pl\/masaz-worksite\/wp-content\/uploads\/2023\/10\/zawiadczenie-zako-kursu-m-lomi-lomi.jpg\" data-elementor-open-lightbox=\"yes\" data-elementor-lightbox-slideshow=\"8d5afd1\" data-elementor-lightbox-title=\"zawiadczenie-zako-kursu-m-lomi-lomi\" data-e-action-hash=\"#elementor-action%3Aaction%3Dlightbox%26settings%3DeyJpZCI6MTc1LCJ1cmwiOiJodHRwczpcL1wvd3d3LnN1bGVtYS5wbFwvbWFzYXotd29ya3NpdGVcL3dwLWNvbnRlbnRcL3VwbG9hZHNcLzIwMjNcLzEwXC96YXdpYWRjemVuaWUtemFrby1rdXJzdS1tLWxvbWktbG9taS5qcGciLCJzbGlkZXNob3ciOiI4ZDVhZmQxIn0%3D\">\n\t\t\t\t\t<div class=\"e-gallery-image elementor-gallery-item__image\" data-thumbnail=\"https:\/\/www.sulema.pl\/masaz-worksite\/wp-content\/uploads\/2023\/10\/zawiadczenie-zako-kursu-m-lomi-lomi.jpg\" data-width=\"732\" data-height=\"1024\" aria-label=\"masa\u017c biurowy jaworzno\" role=\"img\" ><\/div>\n\t\t\t\t\t\t\t\t\t\t\t<div class=\"elementor-gallery-item__overlay\"><\/div>\n\t\t\t\t\t\t\t\t\t\t\t\t\t\t<\/a>\n\t\t\t\t\t\t\t<a class=\"e-gallery-item elementor-gallery-item elementor-animated-content\" href=\"https:\/\/www.sulema.pl\/masaz-worksite\/wp-content\/uploads\/2023\/10\/zawiadczenie-zakokursu-mbiur-str-2.jpg\" data-elementor-open-lightbox=\"yes\" data-elementor-lightbox-slideshow=\"8d5afd1\" data-elementor-lightbox-title=\"zawiadczenie-zakokursu-mbiur-str-2\" data-e-action-hash=\"#elementor-action%3Aaction%3Dlightbox%26settings%3DeyJpZCI6MTc0LCJ1cmwiOiJodHRwczpcL1wvd3d3LnN1bGVtYS5wbFwvbWFzYXotd29ya3NpdGVcL3dwLWNvbnRlbnRcL3VwbG9hZHNcLzIwMjNcLzEwXC96YXdpYWRjemVuaWUtemFrb2t1cnN1LW1iaXVyLXN0ci0yLmpwZyIsInNsaWRlc2hvdyI6IjhkNWFmZDEifQ%3D%3D\">\n\t\t\t\t\t<div class=\"e-gallery-image elementor-gallery-item__image\" data-thumbnail=\"https:\/\/www.sulema.pl\/masaz-worksite\/wp-content\/uploads\/2023\/10\/zawiadczenie-zakokursu-mbiur-str-2.jpg\" data-width=\"732\" data-height=\"1024\" aria-label=\"masa\u017c biurowy chrzan\u00f3w\" role=\"img\" ><\/div>\n\t\t\t\t\t\t\t\t\t\t\t<div class=\"elementor-gallery-item__overlay\"><\/div>\n\t\t\t\t\t\t\t\t\t\t\t\t\t\t<\/a>\n\t\t\t\t\t\t\t<a class=\"e-gallery-item elementor-gallery-item elementor-animated-content\" href=\"https:\/\/www.sulema.pl\/masaz-worksite\/wp-content\/uploads\/2023\/10\/zawiadczenie-zako-kursu-mbiur-str1.jpg\" data-elementor-open-lightbox=\"yes\" data-elementor-lightbox-slideshow=\"8d5afd1\" data-elementor-lightbox-title=\"zawiadczenie-zako-kursu-mbiur-str1\" data-e-action-hash=\"#elementor-action%3Aaction%3Dlightbox%26settings%3DeyJpZCI6MTczLCJ1cmwiOiJodHRwczpcL1wvd3d3LnN1bGVtYS5wbFwvbWFzYXotd29ya3NpdGVcL3dwLWNvbnRlbnRcL3VwbG9hZHNcLzIwMjNcLzEwXC96YXdpYWRjemVuaWUtemFrby1rdXJzdS1tYml1ci1zdHIxLmpwZyIsInNsaWRlc2hvdyI6IjhkNWFmZDEifQ%3D%3D\">\n\t\t\t\t\t<div class=\"e-gallery-image elementor-gallery-item__image\" data-thumbnail=\"https:\/\/www.sulema.pl\/masaz-worksite\/wp-content\/uploads\/2023\/10\/zawiadczenie-zako-kursu-mbiur-str1.jpg\" data-width=\"732\" data-height=\"1024\" aria-label=\"masa\u017c biurowy trzebinia\" role=\"img\" ><\/div>\n\t\t\t\t\t\t\t\t\t\t\t<div class=\"elementor-gallery-item__overlay\"><\/div>\n\t\t\t\t\t\t\t\t\t\t\t\t\t\t<\/a>\n\t\t\t\t\t\t\t<a class=\"e-gallery-item elementor-gallery-item elementor-animated-content\" href=\"https:\/\/www.sulema.pl\/masaz-worksite\/wp-content\/uploads\/2023\/10\/certyfikat-masau-odchudzjcego.jpg\" data-elementor-open-lightbox=\"yes\" data-elementor-lightbox-slideshow=\"8d5afd1\" data-elementor-lightbox-title=\"certyfikat-masau-odchudzjcego\" data-e-action-hash=\"#elementor-action%3Aaction%3Dlightbox%26settings%3DeyJpZCI6MTcyLCJ1cmwiOiJodHRwczpcL1wvd3d3LnN1bGVtYS5wbFwvbWFzYXotd29ya3NpdGVcL3dwLWNvbnRlbnRcL3VwbG9hZHNcLzIwMjNcLzEwXC9jZXJ0eWZpa2F0LW1hc2F1LW9kY2h1ZHpqY2Vnby5qcGciLCJzbGlkZXNob3ciOiI4ZDVhZmQxIn0%3D\">\n\t\t\t\t\t<div class=\"e-gallery-image elementor-gallery-item__image\" data-thumbnail=\"https:\/\/www.sulema.pl\/masaz-worksite\/wp-content\/uploads\/2023\/10\/certyfikat-masau-odchudzjcego.jpg\" data-width=\"725\" data-height=\"1024\" aria-label=\"masa\u017c biurowy chorz\u00f3w\" role=\"img\" ><\/div>\n\t\t\t\t\t\t\t\t\t\t\t<div class=\"elementor-gallery-item__overlay\"><\/div>\n\t\t\t\t\t\t\t\t\t\t\t\t\t\t<\/a>\n\t\t\t\t\t\t\t<a class=\"e-gallery-item elementor-gallery-item elementor-animated-content\" href=\"https:\/\/www.sulema.pl\/masaz-worksite\/wp-content\/uploads\/2023\/10\/certyfikat-masau-miodem.jpg\" data-elementor-open-lightbox=\"yes\" data-elementor-lightbox-slideshow=\"8d5afd1\" data-elementor-lightbox-title=\"certyfikat-masau-miodem\" data-e-action-hash=\"#elementor-action%3Aaction%3Dlightbox%26settings%3DeyJpZCI6MTcxLCJ1cmwiOiJodHRwczpcL1wvd3d3LnN1bGVtYS5wbFwvbWFzYXotd29ya3NpdGVcL3dwLWNvbnRlbnRcL3VwbG9hZHNcLzIwMjNcLzEwXC9jZXJ0eWZpa2F0LW1hc2F1LW1pb2RlbS5qcGciLCJzbGlkZXNob3ciOiI4ZDVhZmQxIn0%3D\">\n\t\t\t\t\t<div class=\"e-gallery-image elementor-gallery-item__image\" data-thumbnail=\"https:\/\/www.sulema.pl\/masaz-worksite\/wp-content\/uploads\/2023\/10\/certyfikat-masau-miodem.jpg\" data-width=\"725\" data-height=\"1024\" aria-label=\"masa\u017c miodem katowice\" role=\"img\" ><\/div>\n\t\t\t\t\t\t\t\t\t\t\t<div class=\"elementor-gallery-item__overlay\"><\/div>\n\t\t\t\t\t\t\t\t\t\t\t\t\t\t<\/a>\n\t\t\t\t\t\t\t<a class=\"e-gallery-item elementor-gallery-item elementor-animated-content\" href=\"https:\/\/www.sulema.pl\/masaz-worksite\/wp-content\/uploads\/2023\/10\/certyfikat-kursu-masau-biurowego-ang.jpg\" data-elementor-open-lightbox=\"yes\" data-elementor-lightbox-slideshow=\"8d5afd1\" data-elementor-lightbox-title=\"certyfikat-kursu-masau-biurowego-ang\" data-e-action-hash=\"#elementor-action%3Aaction%3Dlightbox%26settings%3DeyJpZCI6MTcwLCJ1cmwiOiJodHRwczpcL1wvd3d3LnN1bGVtYS5wbFwvbWFzYXotd29ya3NpdGVcL3dwLWNvbnRlbnRcL3VwbG9hZHNcLzIwMjNcLzEwXC9jZXJ0eWZpa2F0LWt1cnN1LW1hc2F1LWJpdXJvd2Vnby1hbmcuanBnIiwic2xpZGVzaG93IjoiOGQ1YWZkMSJ9\">\n\t\t\t\t\t<div class=\"e-gallery-image elementor-gallery-item__image\" data-thumbnail=\"https:\/\/www.sulema.pl\/masaz-worksite\/wp-content\/uploads\/2023\/10\/certyfikat-kursu-masau-biurowego-ang.jpg\" data-width=\"687\" data-height=\"994\" aria-label=\"masa\u017c worksite biurowy katowice\" role=\"img\" ><\/div>\n\t\t\t\t\t\t\t\t\t\t\t<div class=\"elementor-gallery-item__overlay\"><\/div>\n\t\t\t\t\t\t\t\t\t\t\t\t\t\t<\/a>\n\t\t\t\t\t\t\t<a class=\"e-gallery-item elementor-gallery-item elementor-animated-content\" href=\"https:\/\/www.sulema.pl\/masaz-worksite\/wp-content\/uploads\/2023\/10\/certyfikat-kursu-masau-biurowego.jpg\" data-elementor-open-lightbox=\"yes\" data-elementor-lightbox-slideshow=\"8d5afd1\" data-elementor-lightbox-title=\"certyfikat-kursu-masau-biurowego\" data-e-action-hash=\"#elementor-action%3Aaction%3Dlightbox%26settings%3DeyJpZCI6MTY5LCJ1cmwiOiJodHRwczpcL1wvd3d3LnN1bGVtYS5wbFwvbWFzYXotd29ya3NpdGVcL3dwLWNvbnRlbnRcL3VwbG9hZHNcLzIwMjNcLzEwXC9jZXJ0eWZpa2F0LWt1cnN1LW1hc2F1LWJpdXJvd2Vnby5qcGciLCJzbGlkZXNob3ciOiI4ZDVhZmQxIn0%3D\">\n\t\t\t\t\t<div class=\"e-gallery-image elementor-gallery-item__image\" data-thumbnail=\"https:\/\/www.sulema.pl\/masaz-worksite\/wp-content\/uploads\/2023\/10\/certyfikat-kursu-masau-biurowego.jpg\" data-width=\"732\" data-height=\"1024\" aria-label=\"kurs masa\u017cu biurowego online\" role=\"img\" ><\/div>\n\t\t\t\t\t\t\t\t\t\t\t<div class=\"elementor-gallery-item__overlay\"><\/div>\n\t\t\t\t\t\t\t\t\t\t\t\t\t\t<\/a>\n\t\t\t\t\t<\/div>\n\t\t\t\t\t<\/div>\n\t\t\t\t<\/div>\n\t\t\t\t\t<\/div>\n\t\t<\/div>\n\t\t\t\t\t<\/div>\n\t\t<\/section>\n\t\t\t\t<section class=\"elementor-section elementor-top-section elementor-element elementor-element-2b0fca6 elementor-section-boxed elementor-section-height-default elementor-section-height-default\" data-id=\"2b0fca6\" data-element_type=\"section\">\n\t\t\t\t\t\t<div class=\"elementor-container elementor-column-gap-default\">\n\t\t\t\t\t<div class=\"elementor-column elementor-col-100 elementor-top-column elementor-element elementor-element-a42749f\" data-id=\"a42749f\" data-element_type=\"column\">\n\t\t\t<div class=\"elementor-widget-wrap elementor-element-populated\">\n\t\t\t\t\t\t<div class=\"elementor-element elementor-element-511b009 elementor-widget elementor-widget-gallery\" data-id=\"511b009\" data-element_type=\"widget\" data-settings=\"{&quot;columns&quot;:1,&quot;aspect_ratio&quot;:&quot;16:9&quot;,&quot;image_hover_animation&quot;:&quot;grow&quot;,&quot;lazyload&quot;:&quot;yes&quot;,&quot;gallery_layout&quot;:&quot;grid&quot;,&quot;columns_tablet&quot;:2,&quot;columns_mobile&quot;:1,&quot;gap&quot;:{&quot;unit&quot;:&quot;px&quot;,&quot;size&quot;:10,&quot;sizes&quot;:[]},&quot;gap_tablet&quot;:{&quot;unit&quot;:&quot;px&quot;,&quot;size&quot;:10,&quot;sizes&quot;:[]},&quot;gap_mobile&quot;:{&quot;unit&quot;:&quot;px&quot;,&quot;size&quot;:10,&quot;sizes&quot;:[]},&quot;link_to&quot;:&quot;file&quot;,&quot;overlay_background&quot;:&quot;yes&quot;,&quot;content_hover_animation&quot;:&quot;fade-in&quot;}\" data-widget_type=\"gallery.default\">\n\t\t\t\t<div class=\"elementor-widget-container\">\n\t\t\t\t\t\t\t<div class=\"elementor-gallery__container\">\n\t\t\t\t\t\t\t<a class=\"e-gallery-item elementor-gallery-item elementor-animated-content\" href=\"https:\/\/www.sulema.pl\/masaz-worksite\/wp-content\/uploads\/2023\/10\/dyplom-licencjat-z-fizjoterapii.jpg\" data-elementor-open-lightbox=\"yes\" data-elementor-lightbox-slideshow=\"511b009\" data-elementor-lightbox-title=\"dyplom-licencjat-z-fizjoterapii\" data-e-action-hash=\"#elementor-action%3Aaction%3Dlightbox%26settings%3DeyJpZCI6MTg0LCJ1cmwiOiJodHRwczpcL1wvd3d3LnN1bGVtYS5wbFwvbWFzYXotd29ya3NpdGVcL3dwLWNvbnRlbnRcL3VwbG9hZHNcLzIwMjNcLzEwXC9keXBsb20tbGljZW5jamF0LXotZml6am90ZXJhcGlpLmpwZyIsInNsaWRlc2hvdyI6IjUxMWIwMDkifQ%3D%3D\">\n\t\t\t\t\t<div class=\"e-gallery-image elementor-gallery-item__image\" data-thumbnail=\"https:\/\/www.sulema.pl\/masaz-worksite\/wp-content\/uploads\/2023\/10\/dyplom-licencjat-z-fizjoterapii.jpg\" data-width=\"709\" data-height=\"495\" aria-label=\"\" role=\"img\" ><\/div>\n\t\t\t\t\t\t\t\t\t\t\t<div class=\"elementor-gallery-item__overlay\"><\/div>\n\t\t\t\t\t\t\t\t\t\t\t\t\t\t<\/a>\n\t\t\t\t\t<\/div>\n\t\t\t\t\t<\/div>\n\t\t\t\t<\/div>\n\t\t\t\t\t<\/div>\n\t\t<\/div>\n\t\t\t\t\t<\/div>\n\t\t<\/section>\n\t\t\t\t<\/div>\n\t\t","protected":false},"excerpt":{"rendered":"<p>Certyfikaty i dyplomy<\/p>\n","protected":false},"author":1,"featured_media":0,"parent":0,"menu_order":0,"comment_status":"closed","ping_status":"closed","template":"elementor_header_footer","meta":{"om_disable_all_campaigns":false,"_monsterinsights_skip_tracking":false,"_monsterinsights_sitenote_active":false,"_monsterinsights_sitenote_note":"","_monsterinsights_sitenote_category":0,"footnotes":""},"class_list":["post-166","page","type-page","status-publish","hentry"],"aioseo_notices":[],"_links":{"self":[{"href":"https:\/\/www.sulema.pl\/masaz-worksite\/wp-json\/wp\/v2\/pages\/166","targetHints":{"allow":["GET"]}}],"collection":[{"href":"https:\/\/www.sulema.pl\/masaz-worksite\/wp-json\/wp\/v2\/pages"}],"about":[{"href":"https:\/\/www.sulema.pl\/masaz-worksite\/wp-json\/wp\/v2\/types\/page"}],"author":[{"embeddable":true,"href":"https:\/\/www.sulema.pl\/masaz-worksite\/wp-json\/wp\/v2\/users\/1"}],"replies":[{"embeddable":true,"href":"https:\/\/www.sulema.pl\/masaz-worksite\/wp-json\/wp\/v2\/comments?post=166"}],"version-history":[{"count":13,"href":"https:\/\/www.sulema.pl\/masaz-worksite\/wp-json\/wp\/v2\/pages\/166\/revisions"}],"predecessor-version":[{"id":516,"href":"https:\/\/www.sulema.pl\/masaz-worksite\/wp-json\/wp\/v2\/pages\/166\/revisions\/516"}],"wp:attachment":[{"href":"https:\/\/www.sulema.pl\/masaz-worksite\/wp-json\/wp\/v2\/media?parent=166"}],"curies":[{"name":"wp","href":"https:\/\/api.w.org\/{rel}","templated":true}]}}