{"id":656,"date":"2023-10-17T10:19:10","date_gmt":"2023-10-17T08:19:10","guid":{"rendered":"https:\/\/www.sulema.pl\/masaz-worksite\/?page_id=656"},"modified":"2023-10-17T10:56:27","modified_gmt":"2023-10-17T08:56:27","slug":"chorzow","status":"publish","type":"page","link":"https:\/\/www.sulema.pl\/masaz-worksite\/masaz-biurowy\/chorzow\/","title":{"rendered":"Masa\u017c biurowy Chorz\u00f3w"},"content":{"rendered":"\t\t<div data-elementor-type=\"wp-page\" data-elementor-id=\"656\" class=\"elementor elementor-656\" data-elementor-post-type=\"page\">\n\t\t\t\t\t\t<section class=\"elementor-section elementor-top-section elementor-element elementor-element-1002a4b8 elementor-section-boxed elementor-section-height-default elementor-section-height-default\" data-id=\"1002a4b8\" data-element_type=\"section\">\n\t\t\t\t\t\t<div class=\"elementor-container elementor-column-gap-default\">\n\t\t\t\t\t<div class=\"elementor-column elementor-col-100 elementor-top-column elementor-element elementor-element-22901a8e\" data-id=\"22901a8e\" data-element_type=\"column\">\n\t\t\t<div class=\"elementor-widget-wrap elementor-element-populated\">\n\t\t\t\t\t\t<div class=\"elementor-element elementor-element-a7da194 elementor-widget elementor-widget-text-editor\" data-id=\"a7da194\" data-element_type=\"widget\" data-widget_type=\"text-editor.default\">\n\t\t\t\t<div class=\"elementor-widget-container\">\n\t\t\t\t\t\t\t\t\t\n<h2 class=\"wp-block-heading\" style=\"text-align: left;\"><span style=\"color: #000000;\"><strong>B\u00f3l karku w pracy biurowej. Jak sobie z nim poradzi\u0107?<\/strong><\/span><\/h2>\n<p><span style=\"color: #000000;\"><\/span><\/p>\n<p style=\"text-align: left;\"><span style=\"color: #000000;\">Praca biurowa sta\u0142a si\u0119 nieod\u0142\u0105cznym elementem \u017cycia wielu ludzi. D\u0142ugie godziny sp\u0119dzone przed komputerem, niew\u0142a\u015bciwa postawa, brak ruchu &#8211; to czynniki, kt\u00f3re prowadz\u0105 do wielu dolegliwo\u015bci, w tym b\u00f3lu karku. Ten problem jest tak powszechny, \u017ce niekiedy jest bagatelizowany, cho\u0107 mo\u017ce prowadzi\u0107 do powa\u017cnych konsekwencji dla zdrowia. W dzisiejszym artykule dowiemy si\u0119, jak sobie poradzi\u0107 z b\u00f3lem karku w pracy biurowej i jak masa\u017c biurowy od SULEMA Sp. z o.o. mo\u017ce pom\u00f3c w jego z\u0142agodzeniu.<\/span><\/p>\n<p>\u00a0<\/p>\n<p><span style=\"color: #000000;\"><\/span><\/p>\n<figure class=\"wp-block-image size-full\"><span style=\"color: #000000;\"><img fetchpriority=\"high\" decoding=\"async\" width=\"1920\" height=\"1280\" class=\"wp-image-659 aligncenter\" src=\"https:\/\/www.sulema.pl\/masaz-worksite\/wp-content\/uploads\/2023\/10\/bol-karku-w-pracy-biurowej-jak-sobie-z-nim-poradzic-masaz-biurowy-chorzow-sulema-sp-zoo.jpg\" alt=\"b\u00f3l karku w pracy biurowej jak sobie z nim poradzi\u0107 masa\u017c biurowy chorz\u00f3w sulema sp zoo\" srcset=\"https:\/\/www.sulema.pl\/masaz-worksite\/wp-content\/uploads\/2023\/10\/bol-karku-w-pracy-biurowej-jak-sobie-z-nim-poradzic-masaz-biurowy-chorzow-sulema-sp-zoo.jpg 1920w, https:\/\/www.sulema.pl\/masaz-worksite\/wp-content\/uploads\/2023\/10\/bol-karku-w-pracy-biurowej-jak-sobie-z-nim-poradzic-masaz-biurowy-chorzow-sulema-sp-zoo-300x200.jpg 300w, https:\/\/www.sulema.pl\/masaz-worksite\/wp-content\/uploads\/2023\/10\/bol-karku-w-pracy-biurowej-jak-sobie-z-nim-poradzic-masaz-biurowy-chorzow-sulema-sp-zoo-1024x683.jpg 1024w, https:\/\/www.sulema.pl\/masaz-worksite\/wp-content\/uploads\/2023\/10\/bol-karku-w-pracy-biurowej-jak-sobie-z-nim-poradzic-masaz-biurowy-chorzow-sulema-sp-zoo-768x512.jpg 768w, https:\/\/www.sulema.pl\/masaz-worksite\/wp-content\/uploads\/2023\/10\/bol-karku-w-pracy-biurowej-jak-sobie-z-nim-poradzic-masaz-biurowy-chorzow-sulema-sp-zoo-1536x1024.jpg 1536w, https:\/\/www.sulema.pl\/masaz-worksite\/wp-content\/uploads\/2023\/10\/bol-karku-w-pracy-biurowej-jak-sobie-z-nim-poradzic-masaz-biurowy-chorzow-sulema-sp-zoo-600x400.jpg 600w\" sizes=\"(max-width: 1920px) 100vw, 1920px\" \/><\/span><\/figure>\n<p><span style=\"color: #000000;\"><\/span><\/p>\n<h2 class=\"wp-block-heading\" style=\"text-align: left;\">\u00a0<\/h2>\n<h2 class=\"wp-block-heading\" style=\"text-align: left;\"><span style=\"color: #000000;\"><strong>B\u00f3l karku w pracy biurowej &#8211; przyczyny<\/strong><\/span><\/h2>\n<p style=\"text-align: left;\">\u00a0<\/p>\n<p><span style=\"color: #000000;\"><\/span><\/p>\n<p style=\"text-align: left;\"><span style=\"color: #000000;\">B\u00f3l karku w pracy biurowej to problem, kt\u00f3ry dotyka wiele os\u00f3b. Przyczyn jest wiele, a jednym z g\u0142\u00f3wnych czynnik\u00f3w jest d\u0142ugotrwa\u0142e utrzymywanie niew\u0142a\u015bciwej postawy. Siedz\u0105c przez wiele godzin przed biurkiem, z tendencyjnym nachyleniem g\u0142owy do przodu i pochylonymi ramionami, nara\u017camy kark na nadmierne obci\u0105\u017cenie. To mo\u017ce prowadzi\u0107 do skurczy mi\u0119\u015bni szyi, a w konsekwencji do bolesnych napi\u0119\u0107.<\/span><\/p>\n<p><span style=\"color: #000000;\"><\/span><\/p>\n<p style=\"text-align: left;\"><span style=\"color: #000000;\">Innymi przyczynami b\u00f3lu karku w pracy biurowej s\u0105:<\/span><\/p>\n<p><span style=\"color: #000000;\"><\/span><\/p>\n<ol class=\"wp-block-list\" style=\"text-align: left;\">\n<li><span style=\"color: #000000;\"><strong>Brak aktywno\u015bci fizycznej:<\/strong> D\u0142ugotrwa\u0142e siedzenie bez ruchu powoduje os\u0142abienie mi\u0119\u015bni karku i plec\u00f3w.<\/span><\/li>\n\n<li><span style=\"color: #000000;\"><strong>Niew\u0142a\u015bciwa organizacja stanowiska pracy:<\/strong> Nieodpowiednia wysoko\u015b\u0107 krzes\u0142a, monitora lub klawiatury mo\u017ce wymusza\u0107 nieprawid\u0142owe pozycje cia\u0142a.<\/span><\/li>\n\n<li><span style=\"color: #000000;\"><strong>Stres i napi\u0119cie:<\/strong> Praca biurowa cz\u0119sto niesie ze sob\u0105 stres i presj\u0119, co mo\u017ce przyczynia\u0107 si\u0119 do napi\u0119\u0107 mi\u0119\u015bni karku.<\/span><br \/><br \/><\/li>\n<\/ol>\n<p><span style=\"color: #000000;\"><\/span><\/p>\n<figure class=\"wp-block-image aligncenter size-full\"><span style=\"color: #000000;\"><img decoding=\"async\" width=\"791\" height=\"438\" class=\"wp-image-660\" src=\"https:\/\/www.sulema.pl\/masaz-worksite\/wp-content\/uploads\/2023\/10\/zla-pozycja-za-biurkiem-bol-karku-w-pracy-nie-rob-tego-chorzow.jpg\" alt=\"Niew\u0142a\u015bciwa pozycja za biurkiem powodem b\u00f3lu karku i plec\u00f3w. Zmie\u0144 pozycj\u0119 i skorzystaj z masa\u017cu biurowego Chorz\u00f3w od SULEMA Sp. z o.o.\" srcset=\"https:\/\/www.sulema.pl\/masaz-worksite\/wp-content\/uploads\/2023\/10\/zla-pozycja-za-biurkiem-bol-karku-w-pracy-nie-rob-tego-chorzow.jpg 791w, https:\/\/www.sulema.pl\/masaz-worksite\/wp-content\/uploads\/2023\/10\/zla-pozycja-za-biurkiem-bol-karku-w-pracy-nie-rob-tego-chorzow-300x166.jpg 300w, https:\/\/www.sulema.pl\/masaz-worksite\/wp-content\/uploads\/2023\/10\/zla-pozycja-za-biurkiem-bol-karku-w-pracy-nie-rob-tego-chorzow-768x425.jpg 768w, https:\/\/www.sulema.pl\/masaz-worksite\/wp-content\/uploads\/2023\/10\/zla-pozycja-za-biurkiem-bol-karku-w-pracy-nie-rob-tego-chorzow-600x332.jpg 600w\" sizes=\"(max-width: 791px) 100vw, 791px\" \/><\/span>\n<figcaption class=\"wp-element-caption\"><span style=\"color: #000000;\">Niew\u0142a\u015bciwa pozycja za biurkiem powodem b\u00f3lu karku i plec\u00f3w. Zmie\u0144 pozycj\u0119 i skorzystaj z masa\u017cu biurowego Chorz\u00f3w od SULEMA Sp. z o.o.<\/span><\/figcaption>\n<\/figure>\n<p><span style=\"color: #000000;\"><\/span><\/p>\n<h2 class=\"wp-block-heading\" style=\"text-align: left;\"><span style=\"color: #000000;\"><strong><br \/>Jak sobie radzi\u0107 z b\u00f3lem karku?<\/strong><\/span><\/h2>\n<p><span style=\"color: #000000;\"><\/span><\/p>\n<p style=\"text-align: left;\"><span style=\"color: #000000;\">Istnieje wiele sposob\u00f3w radzenia sobie z b\u00f3lem karku w pracy biurowej. Oto kilka skutecznych strategii:<\/span><\/p>\n<p><span style=\"color: #000000;\"><\/span><\/p>\n<ol class=\"wp-block-list\" style=\"text-align: left;\">\n<li><span style=\"color: #000000;\"><strong>Zachowaj prawid\u0142ow\u0105 postaw\u0119:<\/strong> Dbaj o to, aby siedzie\u0107 prosto, utrzymuj\u0105c naturaln\u0105 krzywizn\u0119 kr\u0119gos\u0142upa. Monitor powinien by\u0107 na wysoko\u015bci oczu, a klawiatura na wysoko\u015bci \u0142okci.<\/span><\/li>\n\n<li><span style=\"color: #000000;\"><strong>Przerywaj siedzenie:<\/strong> Co godzin\u0119 zr\u00f3b kr\u00f3tk\u0105 przerw\u0119, aby si\u0119 poruszy\u0107, rozci\u0105gn\u0105\u0107 mi\u0119\u015bnie i zmieni\u0107 pozycj\u0119 cia\u0142a.<\/span><\/li>\n\n<li><span style=\"color: #000000;\"><strong>\u0106wicz regularnie:<\/strong> Regularna aktywno\u015b\u0107 fizyczna, zw\u0142aszcza \u0107wiczenia wzmacniaj\u0105ce mi\u0119\u015bnie karku i plec\u00f3w, pomog\u0105 w zapobieganiu b\u00f3lowi.<\/span><\/li>\n\n<li><span style=\"color: #000000;\"><strong>Masa\u017c biurowy:<\/strong> Jednym z najlepszych sposob\u00f3w na z\u0142agodzenie b\u00f3lu karku jest masa\u017c. Masa\u017c pomaga rozlu\u017ani\u0107 napi\u0119te mi\u0119\u015bnie, poprawia kr\u0105\u017cenie krwi i relaksuje organizm.<\/span><\/li>\n<\/ol>\n<p><span style=\"color: #000000;\"><\/span><\/p>\n<h2 class=\"wp-block-heading\" style=\"text-align: left;\"><span style=\"color: #000000;\"><strong>Masa\u017c biurowy od SULEMA Sp. z o.o.<\/strong><\/span><\/h2>\n<p><span style=\"color: #000000;\"><\/span><\/p>\n<p style=\"text-align: left;\"><span style=\"color: #000000;\">Je\u015bli b\u00f3l karku w pracy biurowej staje si\u0119 uci\u0105\u017cliwy, warto skorzysta\u0107 z profesjonalnego masa\u017cu biurowego. SULEMA Sp. z o.o. to firma oferuj\u0105ca wysokiej jako\u015bci masa\u017ce biurowe w Chorzowie. Ich do\u015bwiadczeni terapeuci stosuj\u0105 r\u00f3\u017cne techniki masa\u017cu, kt\u00f3re pomog\u0105 Ci pozby\u0107 si\u0119 napi\u0119\u0107 i b\u00f3lu karku.<\/span><\/p>\n<p><span style=\"color: #000000;\"><\/span><\/p>\n<p style=\"text-align: left;\"><span style=\"color: #000000;\">Masa\u017c biurowy od SULEMA ma wiele zalet:<\/span><\/p>\n<p><span style=\"color: #000000;\"><\/span><\/p>\n<ul class=\"wp-block-list\" style=\"text-align: left;\">\n<li><span style=\"color: #000000;\">Skr\u00f3cenie czasu potrzebnego na relaks i odpr\u0119\u017cenie.<\/span><\/li>\n\n<li><span style=\"color: #000000;\">Poprawa og\u00f3lnego samopoczucia i koncentracji.<\/span><\/li>\n\n<li><span style=\"color: #000000;\">Zwi\u0119kszenie elastyczno\u015bci mi\u0119\u015bni karku i plec\u00f3w.<\/span><\/li>\n\n<li><span style=\"color: #000000;\">Zmniejszenie ryzyka kontuzji zwi\u0105zanych z prac\u0105 biurow\u0105.<\/span><\/li>\n<\/ul>\n<p><span style=\"color: #000000;\"><\/span><\/p>\n<p>\u00a0<\/p>\n<p style=\"text-align: left;\"><span style=\"color: #000000;\">Masa\u017c biurowy to inwestycja pracodawcy w Twoje zdrowie i komfort pracy. Dzi\u0119ki niemu mo\u017cesz skutecznie pozby\u0107 si\u0119 b\u00f3lu karku, kt\u00f3ry utrudnia Ci wykonywanie codziennych obowi\u0105zk\u00f3w. Skorzystaj z us\u0142ug SULEMA Sp. z o.o. w twojej firmie w Chorzowie i poczuj r\u00f3\u017cnic\u0119 ju\u017c po pierwszej sesji.<\/span><\/p>\n<p>\u00a0<\/p>\n\n<div class=\"wp-block-buttons is-content-justification-center is-layout-flex wp-container-core-buttons-is-layout-a89b3969 wp-block-buttons-is-layout-flex\" style=\"text-align: center;\">\n<div class=\"wp-block-button has-custom-width wp-block-button__width-50 has-custom-font-size is-style-fill has-medium-font-size\"><a class=\"wp-block-button__link has-vivid-red-background-color has-background has-text-align-center wp-element-button\" style=\"border-radius: 0px;\" href=\"https:\/\/www.sulema.pl\/masaz-worksite\/cennik-masazu-biurowego-work-site-katowice\/\">OFERTA MASA\u017bU BIUROWEGO<\/a><\/div>\n<div>\u00a0<\/div>\n<\/div>\n<p>\u00a0<\/p>\n<p style=\"text-align: left;\"><span style=\"color: #000000;\">Podsumowuj\u0105c, b\u00f3l karku w pracy biurowej to powszechny problem, kt\u00f3ry warto traktowa\u0107 powa\u017cnie. Zapobieganie i leczenie tego rodzaju dolegliwo\u015bci jest kluczowe dla zachowania zdrowia i komfortu pracy. Najlepszy <a style=\"color: #000000;\" title=\"\" href=\"https:\/\/www.sulema.pl\/masaz-worksite\/masaz-biurowy\/\">masa\u017c biurowy<\/a> od SULEMA Sp. z o.o. w Chorzowie stanowi skuteczn\u0105 metod\u0119 \u0142agodzenia b\u00f3lu karku i poprawy og\u00f3lnego samopoczucia. Nie czekaj, zadbaj o swoje zdrowie ju\u017c dzi\u015b.<\/span><\/p>\n<p>\u00a0<\/p>\n<p><span style=\"color: #000000;\"><\/span><\/p>\n<h3 class=\"wp-block-heading has-text-align-center\" style=\"text-align: center;\"><span style=\"color: #000000;\"><strong>Masz pytania? Napisz wiadomo\u015b\u0107 lub zadzwo\u0144!<\/strong><\/span><\/h3>\n<p><span style=\"color: #000000;\"><\/span><\/p>\n<p class=\"has-text-align-center\" style=\"text-align: center;\"><span style=\"color: #000000;\"><strong>Telefon: <span style=\"color: #ff0000;\"><a style=\"color: #ff0000;\" title=\"\" href=\"tel:\/\/500742088\">+48 500 742 088<\/a><\/span><br \/>E-mail: <span style=\"color: #ff0000;\"><a style=\"color: #ff0000;\" href=\"mailto:kontakt@sulema.pl\">kontakt@sulema.pl<\/a><\/span><\/strong><\/span><\/p>\n\t\t\t\t\t\t\t\t<\/div>\n\t\t\t\t<\/div>\n\t\t\t\t\t<\/div>\n\t\t<\/div>\n\t\t\t\t\t<\/div>\n\t\t<\/section>\n\t\t\t\t<\/div>\n\t\t","protected":false},"excerpt":{"rendered":"<p>B\u00f3l karku w pracy biurowej. Jak sobie z nim poradzi\u0107? Praca biurowa sta\u0142a si\u0119 nieod\u0142\u0105cznym elementem \u017cycia wielu ludzi. D\u0142ugie godziny sp\u0119dzone przed komputerem, niew\u0142a\u015bciwa postawa, brak ruchu &#8211; to czynniki, kt\u00f3re prowadz\u0105 do wielu dolegliwo\u015bci, w tym b\u00f3lu karku. Ten problem jest tak powszechny, \u017ce niekiedy jest bagatelizowany, cho\u0107 mo\u017ce prowadzi\u0107 do powa\u017cnych konsekwencji [&hellip;]<\/p>\n","protected":false},"author":1,"featured_media":0,"parent":638,"menu_order":0,"comment_status":"closed","ping_status":"closed","template":"","meta":{"om_disable_all_campaigns":false,"_monsterinsights_skip_tracking":false,"_monsterinsights_sitenote_active":false,"_monsterinsights_sitenote_note":"","_monsterinsights_sitenote_category":0,"footnotes":""},"class_list":["post-656","page","type-page","status-publish","hentry"],"aioseo_notices":[],"_links":{"self":[{"href":"https:\/\/www.sulema.pl\/masaz-worksite\/wp-json\/wp\/v2\/pages\/656","targetHints":{"allow":["GET"]}}],"collection":[{"href":"https:\/\/www.sulema.pl\/masaz-worksite\/wp-json\/wp\/v2\/pages"}],"about":[{"href":"https:\/\/www.sulema.pl\/masaz-worksite\/wp-json\/wp\/v2\/types\/page"}],"author":[{"embeddable":true,"href":"https:\/\/www.sulema.pl\/masaz-worksite\/wp-json\/wp\/v2\/users\/1"}],"replies":[{"embeddable":true,"href":"https:\/\/www.sulema.pl\/masaz-worksite\/wp-json\/wp\/v2\/comments?post=656"}],"version-history":[{"count":15,"href":"https:\/\/www.sulema.pl\/masaz-worksite\/wp-json\/wp\/v2\/pages\/656\/revisions"}],"predecessor-version":[{"id":689,"href":"https:\/\/www.sulema.pl\/masaz-worksite\/wp-json\/wp\/v2\/pages\/656\/revisions\/689"}],"up":[{"embeddable":true,"href":"https:\/\/www.sulema.pl\/masaz-worksite\/wp-json\/wp\/v2\/pages\/638"}],"wp:attachment":[{"href":"https:\/\/www.sulema.pl\/masaz-worksite\/wp-json\/wp\/v2\/media?parent=656"}],"curies":[{"name":"wp","href":"https:\/\/api.w.org\/{rel}","templated":true}]}}