{"id":690,"date":"2023-10-19T11:19:36","date_gmt":"2023-10-19T09:19:36","guid":{"rendered":"https:\/\/www.sulema.pl\/masaz-worksite\/?page_id=690"},"modified":"2023-10-19T11:22:10","modified_gmt":"2023-10-19T09:22:10","slug":"gliwice","status":"publish","type":"page","link":"https:\/\/www.sulema.pl\/masaz-worksite\/masaz-biurowy\/gliwice\/","title":{"rendered":"Masa\u017c biurowy Gliwice"},"content":{"rendered":"\t\t<div data-elementor-type=\"wp-page\" data-elementor-id=\"690\" class=\"elementor elementor-690\" data-elementor-post-type=\"page\">\n\t\t\t\t\t\t<section class=\"elementor-section elementor-top-section elementor-element elementor-element-800f2f6 elementor-section-boxed elementor-section-height-default elementor-section-height-default\" data-id=\"800f2f6\" data-element_type=\"section\">\n\t\t\t\t\t\t<div class=\"elementor-container elementor-column-gap-default\">\n\t\t\t\t\t<div class=\"elementor-column elementor-col-100 elementor-top-column elementor-element elementor-element-b04d57d\" data-id=\"b04d57d\" data-element_type=\"column\">\n\t\t\t<div class=\"elementor-widget-wrap elementor-element-populated\">\n\t\t\t\t\t\t<div class=\"elementor-element elementor-element-b5a30ac elementor-widget elementor-widget-heading\" data-id=\"b5a30ac\" data-element_type=\"widget\" data-widget_type=\"heading.default\">\n\t\t\t\t<div class=\"elementor-widget-container\">\n\t\t\t\t\t<h2 class=\"elementor-heading-title elementor-size-default\">B\u00f3l nadgarstk\u00f3w od pracy przy komputerze: jak sobie z nim poradzi\u0107?<\/h2>\t\t\t\t<\/div>\n\t\t\t\t<\/div>\n\t\t\t\t\t<\/div>\n\t\t<\/div>\n\t\t\t\t\t<\/div>\n\t\t<\/section>\n\t\t\t\t<section class=\"elementor-section elementor-top-section elementor-element elementor-element-7170bdb4 elementor-section-boxed elementor-section-height-default elementor-section-height-default\" data-id=\"7170bdb4\" data-element_type=\"section\">\n\t\t\t\t\t\t<div class=\"elementor-container elementor-column-gap-default\">\n\t\t\t\t\t<div class=\"elementor-column elementor-col-100 elementor-top-column elementor-element elementor-element-7cae1b14\" data-id=\"7cae1b14\" data-element_type=\"column\">\n\t\t\t<div class=\"elementor-widget-wrap elementor-element-populated\">\n\t\t\t\t\t\t<div class=\"elementor-element elementor-element-258f6907 elementor-widget elementor-widget-text-editor\" data-id=\"258f6907\" data-element_type=\"widget\" data-widget_type=\"text-editor.default\">\n\t\t\t\t<div class=\"elementor-widget-container\">\n\t\t\t\t\t\t\t\t\t<p><span style=\"color: #000000;\"><\/span><\/p>\n<p><span style=\"color: #000000;\">W dzisiejszym dynamicznym \u015bwiecie wiele os\u00f3b sp\u0119dza znaczn\u0105 cz\u0119\u015b\u0107 dnia przy biurkach, wykonuj\u0105c prac\u0119 przy komputerze. To zjawisko sta\u0142o si\u0119 jeszcze bardziej powszechne w wyniku globalnej pandemii, kt\u00f3ra zmusi\u0142a wiele firm do przeniesienia swojej dzia\u0142alno\u015bci online. Chocia\u017c praca zdalna ma wiele zalet, mo\u017ce r\u00f3wnie\u017c prowadzi\u0107 do r\u00f3\u017cnych problem\u00f3w zdrowotnych, w tym do b\u00f3lu nadgarstk\u00f3w.<\/span><\/p>\n<p><span style=\"color: #000000;\"><\/span><\/p>\n<h2 class=\"wp-block-heading\"><span style=\"color: #000000;\">B\u00f3l nadgarstk\u00f3w od pisania na klawiaturze<\/span><\/h2>\n<p><span style=\"color: #000000;\"><\/span><\/p>\n<p><span style=\"color: #000000;\">B\u00f3l nadgarstk\u00f3w, zwany r\u00f3wnie\u017c syndromem cie\u015bni nadgarstka, to dolegliwo\u015b\u0107, kt\u00f3ra dotyka wielu ludzi pracuj\u0105cych przy komputerze. Objawia si\u0119 jako b\u00f3l, mrowienie, dr\u0119twienie i os\u0142abienie nadgarstk\u00f3w oraz d\u0142oni. Przyczyn\u0105 tego problemu jest cz\u0119sto d\u0142ugotrwa\u0142e utrzymywanie nadgarstk\u00f3w w niew\u0142a\u015bciwej pozycji podczas pracy przy komputerze.<\/span><\/p>\n<p><span style=\"color: #000000;\"><\/span><\/p>\n<p><span style=\"color: #000000;\">Oto kilka skutecznych sposob\u00f3w, jak sobie poradzi\u0107 z b\u00f3lem nadgarstk\u00f3w wynikaj\u0105cym z pracy przy komputerze:<\/span><\/p>\n<p><span style=\"color: #000000;\"><\/span><\/p>\n<ol class=\"wp-block-list\">\n<li><span style=\"color: #000000;\"><strong>Ergonomia stanowiska pracy:<\/strong> Upewnij si\u0119, \u017ce Twoje biurko, krzes\u0142o i monitor s\u0105 ustawione w spos\u00f3b umo\u017cliwiaj\u0105cy naturaln\u0105 pozycj\u0119 nadgarstk\u00f3w. Wybierz ergonomiczny fotel i klawiatur\u0119, kt\u00f3ra pozwoli na zachowanie prostego nadgarstka podczas pisania.<\/span><\/li>\n\n<li><span style=\"color: #000000;\"><strong>Regularne przerwy i \u0107wiczenia:<\/strong> Co jaki\u015b czas wykonuj przerwy od pracy przy komputerze, aby rozci\u0105gn\u0105\u0107 nadgarstki i palce. Proste \u0107wiczenia, takie jak obracanie nadgarstkami, mog\u0105 pom\u00f3c w utrzymaniu ich elastyczno\u015bci.<\/span><\/li>\n\n<li><span style=\"color: #000000;\"><strong>Masa\u017c:<\/strong> Masa\u017c nadgarstk\u00f3w mo\u017ce znacz\u0105co pom\u00f3c w z\u0142agodzeniu b\u00f3lu i napi\u0119cia. Masa\u017c pozwala na rozlu\u017anienie mi\u0119\u015bni i zwi\u0119kszenie przep\u0142ywu krwi, co mo\u017ce przyspieszy\u0107 proces gojenia.<\/span><\/li>\n\n<li><span style=\"color: #000000;\"><strong>Leczenie ch\u0142odzeniem:<\/strong> Przyk\u0142adanie lodu do bolesnych nadgarstk\u00f3w mo\u017ce pom\u00f3c w zmniejszeniu b\u00f3lu i obrz\u0119ku.<\/span><\/li>\n\n<li><span style=\"color: #000000;\"><strong>Stosowanie opasek na nadgarstki:<\/strong> Specjalne opaski na nadgarstki mog\u0105 pom\u00f3c w stabilizacji staw\u00f3w nadgarstkowych i zmniejszeniu napi\u0119cia.<\/span><\/li>\n\n<li><span style=\"color: #000000;\"><strong>Konsultacja z fizjoterapeut\u0105:<\/strong> Je\u015bli b\u00f3l nadgarstk\u00f3w jest uporczywy, warto skonsultowa\u0107 si\u0119 z fizjoterapeut\u0105, kt\u00f3ry mo\u017ce dostosowa\u0107 odpowiednie \u0107wiczenia i terapie do Twoich indywidualnych potrzeb.<\/span><\/li>\n<\/ol>\n<p><span style=\"color: #000000;\"><\/span><\/p>\n<h2 class=\"wp-block-heading\"><span style=\"color: #000000;\">Masa\u017c biurowy Gliwice &#8211; Twoje rozwi\u0105zanie!<\/span><\/h2>\n<p><span style=\"color: #000000;\"><\/span><\/p>\n<p><span style=\"color: #000000;\">Jednym z najskuteczniejszych sposob\u00f3w radzenia sobie z b\u00f3lem nadgarstk\u00f3w jest masa\u017c biurowy. Je\u015bli mieszkasz w okolicach Gliwic, firma SULEMA Sp. z o.o. oferuje specjalny masa\u017c biurowy Gliwice, kt\u00f3ry mo\u017ce pom\u00f3c Ci w z\u0142agodzeniu b\u00f3lu i napi\u0119cia w nadgarstkach. Dzi\u0119ki temu masa\u017cowi b\u0119dziesz m\u00f3g\u0142 cieszy\u0107 si\u0119 ulg\u0105 od b\u00f3lu i popraw\u0105 og\u00f3lnego samopoczucia.<\/span><\/p>\n<p><span style=\"color: #000000;\"><\/span><\/p>\n<h2 class=\"wp-block-heading\"><span style=\"color: #000000;\">Bol\u0105 Ci\u0119 nadgarstki? Skorzystaj z masa\u017cu w twojej firmie w Gliwicach!<\/span><\/h2>\n<p><span style=\"color: #000000;\"><\/span><\/p>\n<p><span style=\"color: #000000;\">Masa\u017c biurowy to doskona\u0142y spos\u00f3b na relaks i rozwi\u0105zanie problem\u00f3w z nadgarstkami, kt\u00f3re cz\u0119sto wynikaj\u0105 z d\u0142ugotrwa\u0142ej pracy przy komputerze. Dzi\u0119ki specjalistycznym technikom masa\u017cu, mo\u017cesz skorzysta\u0107 z chwili odpoczynku i dba\u0107 o swoje zdrowie podczas pracy.<\/span><\/p>\n<p><span style=\"color: #000000;\"><\/span><\/p>\n<p><span style=\"color: #000000;\">Podsumowuj\u0105c, b\u00f3l nadgarstk\u00f3w wynikaj\u0105cy z pracy przy komputerze mo\u017ce by\u0107 uci\u0105\u017cliwym problemem, ale istnieje wiele sposob\u00f3w, aby sobie z nim poradzi\u0107. Ergonomia stanowiska pracy, regularne \u0107wiczenia, masa\u017ce biurowe i inne techniki mog\u0105 pom\u00f3c z\u0142agodzi\u0107 dolegliwo\u015bci. Je\u015bli szukasz profesjonalnego masa\u017cu biurowego w okolicach Gliwic, firma SULEMA Sp. z o.o. jest gotowa pom\u00f3c Ci w walce z b\u00f3lem nadgarstk\u00f3w. Nie czekaj d\u0142u\u017cej &#8211; zainwestuj w swoje zdrowie i dobre samopoczucie ju\u017c dzi\u015b!<\/span><\/p>\n<p><span style=\"color: #000000;\"><\/span><\/p>\t\t\t\t\t\t\t\t<\/div>\n\t\t\t\t<\/div>\n\t\t\t\t\t<\/div>\n\t\t<\/div>\n\t\t\t\t\t<\/div>\n\t\t<\/section>\n\t\t\t\t<\/div>\n\t\t","protected":false},"excerpt":{"rendered":"<p>B\u00f3l nadgarstk\u00f3w od pracy przy komputerze: jak sobie z nim poradzi\u0107? W dzisiejszym dynamicznym \u015bwiecie wiele os\u00f3b sp\u0119dza znaczn\u0105 cz\u0119\u015b\u0107 dnia przy biurkach, wykonuj\u0105c prac\u0119 przy komputerze. To zjawisko sta\u0142o si\u0119 jeszcze bardziej powszechne w wyniku globalnej pandemii, kt\u00f3ra zmusi\u0142a wiele firm do przeniesienia swojej dzia\u0142alno\u015bci online. Chocia\u017c praca zdalna ma wiele zalet, mo\u017ce r\u00f3wnie\u017c [&hellip;]<\/p>\n","protected":false},"author":1,"featured_media":0,"parent":638,"menu_order":0,"comment_status":"closed","ping_status":"closed","template":"","meta":{"om_disable_all_campaigns":false,"_monsterinsights_skip_tracking":false,"_monsterinsights_sitenote_active":false,"_monsterinsights_sitenote_note":"","_monsterinsights_sitenote_category":0,"footnotes":""},"class_list":["post-690","page","type-page","status-publish","hentry"],"aioseo_notices":[],"_links":{"self":[{"href":"https:\/\/www.sulema.pl\/masaz-worksite\/wp-json\/wp\/v2\/pages\/690","targetHints":{"allow":["GET"]}}],"collection":[{"href":"https:\/\/www.sulema.pl\/masaz-worksite\/wp-json\/wp\/v2\/pages"}],"about":[{"href":"https:\/\/www.sulema.pl\/masaz-worksite\/wp-json\/wp\/v2\/types\/page"}],"author":[{"embeddable":true,"href":"https:\/\/www.sulema.pl\/masaz-worksite\/wp-json\/wp\/v2\/users\/1"}],"replies":[{"embeddable":true,"href":"https:\/\/www.sulema.pl\/masaz-worksite\/wp-json\/wp\/v2\/comments?post=690"}],"version-history":[{"count":7,"href":"https:\/\/www.sulema.pl\/masaz-worksite\/wp-json\/wp\/v2\/pages\/690\/revisions"}],"predecessor-version":[{"id":697,"href":"https:\/\/www.sulema.pl\/masaz-worksite\/wp-json\/wp\/v2\/pages\/690\/revisions\/697"}],"up":[{"embeddable":true,"href":"https:\/\/www.sulema.pl\/masaz-worksite\/wp-json\/wp\/v2\/pages\/638"}],"wp:attachment":[{"href":"https:\/\/www.sulema.pl\/masaz-worksite\/wp-json\/wp\/v2\/media?parent=690"}],"curies":[{"name":"wp","href":"https:\/\/api.w.org\/{rel}","templated":true}]}}