{"id":99,"date":"2023-10-01T10:03:57","date_gmt":"2023-10-01T08:03:57","guid":{"rendered":"https:\/\/www.sulema.pl\/masaz-worksite\/?page_id=99"},"modified":"2023-10-02T09:56:04","modified_gmt":"2023-10-02T07:56:04","slug":"wspolpraca-z-innymi-podmiotami","status":"publish","type":"page","link":"https:\/\/www.sulema.pl\/masaz-worksite\/wspolpraca-z-innymi-podmiotami\/","title":{"rendered":"Wsp\u00f3\u0142praca z innymi podmiotami"},"content":{"rendered":"\t\t<div data-elementor-type=\"wp-page\" data-elementor-id=\"99\" class=\"elementor elementor-99\" data-elementor-post-type=\"page\">\n\t\t\t\t\t\t<section class=\"elementor-section elementor-top-section elementor-element elementor-element-7d63210 elementor-section-full_width elementor-section-stretched elementor-section-height-default elementor-section-height-default\" data-id=\"7d63210\" data-element_type=\"section\" data-settings=\"{&quot;stretch_section&quot;:&quot;section-stretched&quot;,&quot;background_background&quot;:&quot;classic&quot;}\">\n\t\t\t\t\t\t<div class=\"elementor-container elementor-column-gap-no\">\n\t\t\t\t\t<div class=\"elementor-column elementor-col-100 elementor-top-column elementor-element elementor-element-aff5db9\" data-id=\"aff5db9\" data-element_type=\"column\">\n\t\t\t<div class=\"elementor-widget-wrap elementor-element-populated\">\n\t\t\t\t\t\t<div class=\"elementor-element elementor-element-65439d9 elementor-widget elementor-widget-heading\" data-id=\"65439d9\" data-element_type=\"widget\" data-widget_type=\"heading.default\">\n\t\t\t\t<div class=\"elementor-widget-container\">\n\t\t\t\t\t<h1 class=\"elementor-heading-title elementor-size-default\">Wsp\u00f3\u0142praca z SULEMA Sp. z o.o.<\/h1>\t\t\t\t<\/div>\n\t\t\t\t<\/div>\n\t\t\t\t\t<\/div>\n\t\t<\/div>\n\t\t\t\t\t<\/div>\n\t\t<\/section>\n\t\t\t\t<section class=\"elementor-section elementor-top-section elementor-element elementor-element-3c3483e elementor-section-boxed elementor-section-height-default elementor-section-height-default\" data-id=\"3c3483e\" data-element_type=\"section\">\n\t\t\t\t\t\t<div class=\"elementor-container elementor-column-gap-default\">\n\t\t\t\t\t<div class=\"elementor-column elementor-col-50 elementor-top-column elementor-element elementor-element-d449a64\" data-id=\"d449a64\" data-element_type=\"column\">\n\t\t\t<div class=\"elementor-widget-wrap elementor-element-populated\">\n\t\t\t\t\t\t<div class=\"elementor-element elementor-element-23e2896 elementor-widget elementor-widget-image\" data-id=\"23e2896\" data-element_type=\"widget\" data-widget_type=\"image.default\">\n\t\t\t\t<div class=\"elementor-widget-container\">\n\t\t\t\t\t\t\t\t\t\t\t\t\t\t\t<img fetchpriority=\"high\" decoding=\"async\" width=\"683\" height=\"1024\" src=\"https:\/\/www.sulema.pl\/masaz-worksite\/wp-content\/uploads\/2023\/10\/wspolplaca-z-firma-sulema-sp-z-oo-w-zakresie-swiadczenia-uslug-masazu-biurowego-worksite-na-terenie-miasta-katowic-i-okolic-683x1024.jpg\" class=\"elementor-animation-shrink attachment-large size-large wp-image-101\" alt=\"wspolplaca z firma sulema sp z oo w zakresie swiadczenia uslug masazu biurowego worksite na terenie miasta katowic i okolic\" srcset=\"https:\/\/www.sulema.pl\/masaz-worksite\/wp-content\/uploads\/2023\/10\/wspolplaca-z-firma-sulema-sp-z-oo-w-zakresie-swiadczenia-uslug-masazu-biurowego-worksite-na-terenie-miasta-katowic-i-okolic-683x1024.jpg 683w, https:\/\/www.sulema.pl\/masaz-worksite\/wp-content\/uploads\/2023\/10\/wspolplaca-z-firma-sulema-sp-z-oo-w-zakresie-swiadczenia-uslug-masazu-biurowego-worksite-na-terenie-miasta-katowic-i-okolic-200x300.jpg 200w, https:\/\/www.sulema.pl\/masaz-worksite\/wp-content\/uploads\/2023\/10\/wspolplaca-z-firma-sulema-sp-z-oo-w-zakresie-swiadczenia-uslug-masazu-biurowego-worksite-na-terenie-miasta-katowic-i-okolic-768x1151.jpg 768w, https:\/\/www.sulema.pl\/masaz-worksite\/wp-content\/uploads\/2023\/10\/wspolplaca-z-firma-sulema-sp-z-oo-w-zakresie-swiadczenia-uslug-masazu-biurowego-worksite-na-terenie-miasta-katowic-i-okolic-1025x1536.jpg 1025w, https:\/\/www.sulema.pl\/masaz-worksite\/wp-content\/uploads\/2023\/10\/wspolplaca-z-firma-sulema-sp-z-oo-w-zakresie-swiadczenia-uslug-masazu-biurowego-worksite-na-terenie-miasta-katowic-i-okolic-1366x2048.jpg 1366w, https:\/\/www.sulema.pl\/masaz-worksite\/wp-content\/uploads\/2023\/10\/wspolplaca-z-firma-sulema-sp-z-oo-w-zakresie-swiadczenia-uslug-masazu-biurowego-worksite-na-terenie-miasta-katowic-i-okolic-scaled.jpg 1708w\" sizes=\"(max-width: 683px) 100vw, 683px\" \/>\t\t\t\t\t\t\t\t\t\t\t\t\t\t\t<\/div>\n\t\t\t\t<\/div>\n\t\t\t\t\t<\/div>\n\t\t<\/div>\n\t\t\t\t<div class=\"elementor-column elementor-col-50 elementor-top-column elementor-element elementor-element-8b8cb8e\" data-id=\"8b8cb8e\" data-element_type=\"column\">\n\t\t\t<div class=\"elementor-widget-wrap elementor-element-populated\">\n\t\t\t\t\t\t<div class=\"elementor-element elementor-element-9ef9cd9 elementor-widget elementor-widget-text-editor\" data-id=\"9ef9cd9\" data-element_type=\"widget\" data-widget_type=\"text-editor.default\">\n\t\t\t\t<div class=\"elementor-widget-container\">\n\t\t\t\t\t\t\t\t\t<p>Jeste\u015b zainteresowany\/zainteresowana wsp\u00f3\u0142prac\u0105 z firm\u0105 SULEMA Sp. z o.o. w zakresie \u015bwiadczenia us\u0142ugi masa\u017cu worksite na terenie wojew\u00f3dztwa \u015bl\u0105skiego jako nasz podwykonawca lub chcesz zleci\u0107 nam wykonanie us\u0142ugi w imieniu Twojej firmy? To w\u0142a\u015bciwe miejsce dla Ciebie i Twojej firmy!<\/p><p>Zapraszamy do wsp\u00f3\u0142pracy inne firmy \u015bwiadcz\u0105ce us\u0142ugi masa\u017cu biurowego na terenie miast: Katowice, Chorz\u00f3w, Bytom, Miko\u0142\u00f3w, D\u0105browa G\u00f3rnicza, Sosnowiec, Mys\u0142owice, Jaworzno, Gliwice.<\/p><p>Oferujemy atrakcyjne stawki jako podwykonawca Twoich um\u00f3w oraz dla naszych podwykonawc\u00f3w \u2013 od 60 z\u0142 netto\/godzin\u0119.<\/p><p>Je\u017celi interesuje Ci\u0119, kt\u00f3ry\u015b z aspekt\u00f3w wsp\u00f3\u0142pracy z nasz\u0105 firm\u0105, prosimy o wype\u0142nienie poni\u017cszego formularza lub bezpo\u015bredni kontakt z dzia\u0142em wsp\u00f3\u0142pracy i marketingu pod numerem telefonu +48\u00a0500\u00a0754\u00a0990.<\/p>\t\t\t\t\t\t\t\t<\/div>\n\t\t\t\t<\/div>\n\t\t\t\t<div class=\"elementor-element elementor-element-363f99f elementor-button-align-center elementor-widget elementor-widget-form\" data-id=\"363f99f\" data-element_type=\"widget\" data-settings=\"{&quot;step_next_label&quot;:&quot;Dalej&quot;,&quot;step_previous_label&quot;:&quot;Wstecz&quot;,&quot;button_width&quot;:&quot;100&quot;,&quot;step_type&quot;:&quot;number_text&quot;,&quot;step_icon_shape&quot;:&quot;circle&quot;}\" data-widget_type=\"form.default\">\n\t\t\t\t<div class=\"elementor-widget-container\">\n\t\t\t\t\t\t\t<form class=\"elementor-form\" method=\"post\" name=\"Wspolpraca formularz\" aria-label=\"Wspolpraca formularz\">\n\t\t\t<input type=\"hidden\" name=\"post_id\" value=\"99\"\/>\n\t\t\t<input type=\"hidden\" name=\"form_id\" value=\"363f99f\"\/>\n\t\t\t<input type=\"hidden\" name=\"referer_title\" value=\"Wsp\u00f3\u0142praca z innymi podmiotami - SULEMA Sp. z o.o.\" \/>\n\n\t\t\t\t\t\t\t<input type=\"hidden\" name=\"queried_id\" value=\"99\"\/>\n\t\t\t\n\t\t\t<div class=\"elementor-form-fields-wrapper elementor-labels-above\">\n\t\t\t\t\t\t\t\t<div class=\"elementor-field-type-text elementor-field-group elementor-column elementor-field-group-name elementor-col-100\">\n\t\t\t\t\t\t\t\t\t\t\t\t<label for=\"form-field-name\" class=\"elementor-field-label\">\n\t\t\t\t\t\t\t\tImi\u0119 i nazwisko\t\t\t\t\t\t\t<\/label>\n\t\t\t\t\t\t\t\t\t\t\t\t\t\t<input size=\"1\" type=\"text\" name=\"form_fields[name]\" id=\"form-field-name\" class=\"elementor-field elementor-size-xs  elementor-field-textual\" placeholder=\"Podaj swoje imi\u0119 i nazwisko\">\n\t\t\t\t\t\t\t\t\t\t\t<\/div>\n\t\t\t\t\t\t\t\t<div class=\"elementor-field-type-email elementor-field-group elementor-column elementor-field-group-email elementor-col-100 elementor-field-required elementor-mark-required\">\n\t\t\t\t\t\t\t\t\t\t\t\t<label for=\"form-field-email\" class=\"elementor-field-label\">\n\t\t\t\t\t\t\t\tAdres e-mail\t\t\t\t\t\t\t<\/label>\n\t\t\t\t\t\t\t\t\t\t\t\t\t\t<input size=\"1\" type=\"email\" name=\"form_fields[email]\" id=\"form-field-email\" class=\"elementor-field elementor-size-xs  elementor-field-textual\" placeholder=\"Wprowad\u017a adres e-mail\" required=\"required\">\n\t\t\t\t\t\t\t\t\t\t\t<\/div>\n\t\t\t\t\t\t\t\t<div class=\"elementor-field-type-text elementor-field-group elementor-column elementor-field-group-field_137048a elementor-col-100 elementor-field-required elementor-mark-required\">\n\t\t\t\t\t\t\t\t\t\t\t\t<label for=\"form-field-field_137048a\" class=\"elementor-field-label\">\n\t\t\t\t\t\t\t\tNazwa firmy\/NIP firmy\t\t\t\t\t\t\t<\/label>\n\t\t\t\t\t\t\t\t\t\t\t\t\t\t<input size=\"1\" type=\"text\" name=\"form_fields[field_137048a]\" id=\"form-field-field_137048a\" class=\"elementor-field elementor-size-xs  elementor-field-textual\" placeholder=\"Podaj nazw\u0119 swojej firmy lub numer NIP\" required=\"required\">\n\t\t\t\t\t\t\t\t\t\t\t<\/div>\n\t\t\t\t\t\t\t\t<div class=\"elementor-field-type-tel elementor-field-group elementor-column elementor-field-group-field_0fb815a elementor-col-100 elementor-field-required elementor-mark-required\">\n\t\t\t\t\t\t\t\t\t\t\t\t<label for=\"form-field-field_0fb815a\" class=\"elementor-field-label\">\n\t\t\t\t\t\t\t\tNr. telefonu\t\t\t\t\t\t\t<\/label>\n\t\t\t\t\t\t\t\t<input size=\"1\" type=\"tel\" name=\"form_fields[field_0fb815a]\" id=\"form-field-field_0fb815a\" class=\"elementor-field elementor-size-xs  elementor-field-textual\" placeholder=\"Podaj numer telefonu\" required=\"required\" pattern=\"[0-9()#&amp;+*-=.]+\" title=\"Only numbers and phone characters (#, -, *, etc) are accepted.\">\n\n\t\t\t\t\t\t<\/div>\n\t\t\t\t\t\t\t\t<div class=\"elementor-field-type-select elementor-field-group elementor-column elementor-field-group-field_6aa658b elementor-col-100 elementor-field-required elementor-mark-required\">\n\t\t\t\t\t\t\t\t\t\t\t\t<label for=\"form-field-field_6aa658b\" class=\"elementor-field-label\">\n\t\t\t\t\t\t\t\tCel kontaktu\t\t\t\t\t\t\t<\/label>\n\t\t\t\t\t\t\t\t<div class=\"elementor-field elementor-select-wrapper remove-before \">\n\t\t\t<div class=\"select-caret-down-wrapper\">\n\t\t\t\t<i aria-hidden=\"true\" class=\"eicon-caret-down\"><\/i>\t\t\t<\/div>\n\t\t\t<select name=\"form_fields[field_6aa658b]\" id=\"form-field-field_6aa658b\" class=\"elementor-field-textual elementor-size-xs\" required=\"required\">\n\t\t\t\t\t\t\t\t\t<option value=\"Szukam podwykonawc\u00f3w\">Szukam podwykonawc\u00f3w<\/option>\n\t\t\t\t\t\t\t\t\t<option value=\"Szukam zlece\u0144 na us\u0142ugi\">Szukam zlece\u0144 na us\u0142ugi<\/option>\n\t\t\t\t\t\t\t\t\t<option value=\"Nie wymienione - inne\">Nie wymienione - inne<\/option>\n\t\t\t\t\t\t\t<\/select>\n\t\t<\/div>\n\t\t\t\t\t\t<\/div>\n\t\t\t\t\t\t\t\t<div class=\"elementor-field-type-textarea elementor-field-group elementor-column elementor-field-group-message elementor-col-100\">\n\t\t\t\t\t\t\t\t\t\t\t\t<label for=\"form-field-message\" class=\"elementor-field-label\">\n\t\t\t\t\t\t\t\tDodatkowe informacje\t\t\t\t\t\t\t<\/label>\n\t\t\t\t\t\t<textarea class=\"elementor-field-textual elementor-field  elementor-size-xs\" name=\"form_fields[message]\" id=\"form-field-message\" rows=\"4\" placeholder=\"Podaj dodatkowe informacje dotycz\u0105ce twojego zapytania!\"><\/textarea>\t\t\t\t<\/div>\n\t\t\t\t\t\t\t\t<div class=\"elementor-field-type-acceptance elementor-field-group elementor-column elementor-field-group-field_2c18c19 elementor-col-100 elementor-field-required elementor-mark-required\">\n\t\t\t\t\t\t\t<div class=\"elementor-field-subgroup\">\n\t\t\t<span class=\"elementor-field-option\">\n\t\t\t\t<input type=\"checkbox\" name=\"form_fields[field_2c18c19]\" id=\"form-field-field_2c18c19\" class=\"elementor-field elementor-size-xs  elementor-acceptance-field\" required=\"required\">\n\t\t\t\t<label for=\"form-field-field_2c18c19\">Niniejszym potwierdzam przeczytanie i zapoznanie si\u0119 z <a href=\"..\/prywatnosc\/\" target=\"_blank\">polityk\u0105 prywatno\u015bci i GDPR<\/a> oraz <a href=\"..\/cennik-masazu-biurowego-work-site-katowice\/\" target=\"_blank\">zasadami wsp\u00f3\u0142pracy i um\u00f3w<\/a> obowi\u0105zuj\u0105cymi w firmie SULEMA Sp. z o.o. w zakresie wsp\u00f3\u0142pracy B2B.<\/label>\t\t\t<\/span>\n\t\t<\/div>\n\t\t\t\t\t\t<\/div>\n\t\t\t\t\t\t\t\t<div class=\"elementor-field-group elementor-column elementor-field-type-submit elementor-col-100 e-form__buttons\">\n\t\t\t\t\t<button class=\"elementor-button elementor-size-sm\" type=\"submit\">\n\t\t\t\t\t\t<span class=\"elementor-button-content-wrapper\">\n\t\t\t\t\t\t\t\t\t\t\t\t\t\t\t\t\t\t\t\t\t\t<span class=\"elementor-button-text\">Wy\u015blij zapytanie<\/span>\n\t\t\t\t\t\t\t\t\t\t\t\t\t<\/span>\n\t\t\t\t\t<\/button>\n\t\t\t\t<\/div>\n\t\t\t<\/div>\n\t\t<\/form>\n\t\t\t\t\t\t<\/div>\n\t\t\t\t<\/div>\n\t\t\t\t\t<\/div>\n\t\t<\/div>\n\t\t\t\t\t<\/div>\n\t\t<\/section>\n\t\t\t\t<\/div>\n\t\t","protected":false},"excerpt":{"rendered":"<p>Wsp\u00f3\u0142praca z SULEMA Sp. z o.o. Jeste\u015b zainteresowany\/zainteresowana wsp\u00f3\u0142prac\u0105 z firm\u0105 SULEMA Sp. z o.o. w zakresie \u015bwiadczenia us\u0142ugi masa\u017cu worksite na terenie wojew\u00f3dztwa \u015bl\u0105skiego jako nasz podwykonawca lub chcesz zleci\u0107 nam wykonanie us\u0142ugi w imieniu Twojej firmy? To w\u0142a\u015bciwe miejsce dla Ciebie i Twojej firmy! Zapraszamy do wsp\u00f3\u0142pracy inne firmy \u015bwiadcz\u0105ce us\u0142ugi masa\u017cu biurowego [&hellip;]<\/p>\n","protected":false},"author":1,"featured_media":0,"parent":0,"menu_order":0,"comment_status":"closed","ping_status":"closed","template":"elementor_header_footer","meta":{"om_disable_all_campaigns":false,"_monsterinsights_skip_tracking":false,"_monsterinsights_sitenote_active":false,"_monsterinsights_sitenote_note":"","_monsterinsights_sitenote_category":0,"footnotes":""},"class_list":["post-99","page","type-page","status-publish","hentry"],"aioseo_notices":[],"_links":{"self":[{"href":"https:\/\/www.sulema.pl\/masaz-worksite\/wp-json\/wp\/v2\/pages\/99","targetHints":{"allow":["GET"]}}],"collection":[{"href":"https:\/\/www.sulema.pl\/masaz-worksite\/wp-json\/wp\/v2\/pages"}],"about":[{"href":"https:\/\/www.sulema.pl\/masaz-worksite\/wp-json\/wp\/v2\/types\/page"}],"author":[{"embeddable":true,"href":"https:\/\/www.sulema.pl\/masaz-worksite\/wp-json\/wp\/v2\/users\/1"}],"replies":[{"embeddable":true,"href":"https:\/\/www.sulema.pl\/masaz-worksite\/wp-json\/wp\/v2\/comments?post=99"}],"version-history":[{"count":43,"href":"https:\/\/www.sulema.pl\/masaz-worksite\/wp-json\/wp\/v2\/pages\/99\/revisions"}],"predecessor-version":[{"id":504,"href":"https:\/\/www.sulema.pl\/masaz-worksite\/wp-json\/wp\/v2\/pages\/99\/revisions\/504"}],"wp:attachment":[{"href":"https:\/\/www.sulema.pl\/masaz-worksite\/wp-json\/wp\/v2\/media?parent=99"}],"curies":[{"name":"wp","href":"https:\/\/api.w.org\/{rel}","templated":true}]}}